{"id":3333,"date":"2024-06-10T13:27:01","date_gmt":"2024-06-10T11:27:01","guid":{"rendered":"https:\/\/www.videovigilancialegal.com\/empresa-de-videovigilancia-rgpd\/"},"modified":"2024-06-10T13:27:03","modified_gmt":"2024-06-10T11:27:03","slug":"empresa-de-videovigilancia-rgpd","status":"publish","type":"page","link":"https:\/\/www.videovigilancialegal.com\/ca\/empresa-de-videovigilancia-rgpd\/","title":{"rendered":"Empresa de Videovigil\u00e0ncia RGPD"},"content":{"rendered":"<p>[et_pb_section fb_built=&#8221;1&#8243; admin_label=&#8221;Why choose us&#8221; _builder_version=&#8221;4.16&#8243; global_colors_info=&#8221;{}&#8221;][et_pb_row column_structure=&#8221;1_2,1_2&#8243; _builder_version=&#8221;4.16&#8243; global_colors_info=&#8221;{}&#8221;][et_pb_column type=&#8221;1_2&#8243; _builder_version=&#8221;4.16&#8243; custom_padding=&#8221;|||&#8221; global_colors_info=&#8221;{}&#8221; custom_padding__hover=&#8221;|||&#8221;][et_pb_text _builder_version=&#8221;4.25.1&#8243; text_font=&#8221;||||||||&#8221; text_text_color=&#8221;rgba(0,0,0,0.05)&#8221; text_font_size=&#8221;100px&#8221; text_line_height=&#8221;0.2em&#8221; header_2_font_size=&#8221;48px&#8221; header_2_line_height=&#8221;1.4em&#8221; custom_margin=&#8221;||30px||false&#8221; custom_margin_tablet=&#8221;||0px|&#8221; custom_margin_phone=&#8221;&#8221; custom_margin_last_edited=&#8221;on|tablet&#8221; text_font_size_tablet=&#8221;80px&#8221; text_font_size_phone=&#8221;60px&#8221; text_font_size_last_edited=&#8221;on|desktop&#8221; header_2_font_size_tablet=&#8221;&#8221; header_2_font_size_phone=&#8221;36px&#8221; header_2_font_size_last_edited=&#8221;on|phone&#8221; z_index_tablet=&#8221;500&#8243; global_colors_info=&#8221;{}&#8221;]<\/p>\n<p>Serveis<\/p>\n<h2>Empresa de Videovigil\u00e0ncia RGPD<\/h2>\n<p>[\/et_pb_text][et_pb_text _builder_version=&#8221;4.25.1&#8243; text_font=&#8221;Open Sans||||||||&#8221; text_font_size=&#8221;16px&#8221; text_line_height=&#8221;1.8em&#8221; max_width_last_edited=&#8221;off|desktop&#8221; z_index_tablet=&#8221;500&#8243; global_colors_info=&#8221;{}&#8221;]<\/p>\n<p>Actualment, la videovigil\u00e0ncia s&#8217;ha convertit en una eina essencial per a la seguretat, per\u00f2 tamb\u00e9 \u00e9s crucial que les empreses de videovigil\u00e0ncia compleixin amb el Reglament General de Protecci\u00f3 de Dades (RGPD) per a protegir la privacitat de les persones.<\/p>\n<h4>Cumpliment amb la RGPD<\/h4>\n<p>Les empreses de videovigil\u00e0ncia han d&#8217;assegurar-se de:<\/p>\n<p><strong>Notificaci\u00f3 i transpar\u00e8ncia<\/strong>: Informar les persones sobre la pres\u00e8ncia de c\u00e0meres i el prop\u00f2sit de la vigil\u00e0ncia.<\/p>\n<p><strong>Minimitzaci\u00f3 de dades<\/strong>: Gravar nom\u00e9s el necessari i limitar l&#8217;acc\u00e9s a les gravacions.<\/p>\n<p><strong>Seguretat de les dades<\/strong>: Implementar mesures de seguretat t\u00e8cniques i organitzatives per a protegir les gravacions contra accessos no autoritzats.<br \/>Drets dels interessats: Permetre a les persones accedir, rectificar i esborrar les seves dades.<\/p>\n<p><strong>Beneficis del compliment<\/strong><\/p>\n<p>Complir amb el RGPD no sols evita sancions legals, sin\u00f3 que tamb\u00e9 millora la confian\u00e7a dels clients i la reputaci\u00f3 de l&#8217;empresa. Assegura que les operacions de videovigil\u00e0ncia es realitzin de manera \u00e8tica i responsable,\u00a0la qual cosa contribueix a una millor relaci\u00f3 amb el p\u00fablic i protegeix l&#8217;empresa de possibles problemes legals i d&#8217;imatge.<\/p>\n<p>En <strong>VIDEOVIGIL\u00c0NCIA LEGAL<\/strong> oferim assessorament en compliment amb el RGPD, instal\u00b7laci\u00f3 i manteniment de sistemes de videovigil\u00e0ncia i auditories peri\u00f2diques per a garantir el compliment continu. La nostra experi\u00e8ncia assegura que cada client rebi una soluci\u00f3 personalitzada i adaptada a les seves necessitats espec\u00edfiques, mantenint sempre les millors pr\u00e0ctiques en protecci\u00f3 de dades.<\/p>\n<p>La nostra empresa s&#8217;especialitza en la integraci\u00f3 de sistemes de videovigil\u00e0ncia que compleixen amb el RGPD, assegurant que totes les cambres, emmagatzematge i processaments de dades estiguin alineats amb les regulacions actuals. Realitzem configuracions personalitzades per a satisfer les necessitats espec\u00edfiques de cada client, proporcionant solucions segures i efectives.<\/p>\n<p>[\/et_pb_text][\/et_pb_column][et_pb_column type=&#8221;1_2&#8243; _builder_version=&#8221;4.16&#8243; custom_padding=&#8221;120px|||&#8221; custom_padding_tablet=&#8221;40px|||&#8221; custom_padding_phone=&#8221;&#8221; custom_padding_last_edited=&#8221;on|tablet&#8221; global_colors_info=&#8221;{}&#8221; custom_padding__hover=&#8221;|||&#8221;][et_pb_text _builder_version=&#8221;4.25.1&#8243; text_font=&#8221;Open Sans||||||||&#8221; text_font_size=&#8221;16px&#8221; text_line_height=&#8221;1.8em&#8221; max_width_last_edited=&#8221;off|desktop&#8221; z_index_tablet=&#8221;500&#8243; global_colors_info=&#8221;{}&#8221;]<\/p>\n<h2><strong>Soport continu<\/strong><\/h2>\n<p>Proporcionem formaci\u00f3 completa al teu personal per a garantir que tots comprenguin les millors pr\u00e0ctiques de privacitat i seguretat. El nostre equip de suport est\u00e0 disponible per a resoldre qualsevol dubte o problema, assegurant que el teu sistema de videovigil\u00e0ncia operi sense contratemps i compleixi amb totes les normatives de protecci\u00f3 de dades.<\/p>\n<p>Comptar amb un suport professional assegura una correcta implementaci\u00f3 i manteniment del teu sistema de videovigil\u00e0ncia, minimitza riscos legals en garantir el compliment amb el RGPD optimitzant el rendiment del sistema en prevenir i solucionar problemes r\u00e0pidament.<\/p>\n<p>[\/et_pb_text][et_pb_image src=&#8221;https:\/\/www.videovigilancialegal.com\/wp-content\/uploads\/2024\/05\/camaras-seguridad-7.jpg&#8221; _builder_version=&#8221;4.25.1&#8243; _module_preset=&#8221;default&#8221; alt=&#8221;Llei per a sistemes de videovigil\u00e0ncia&#8221; title_text=&#8221;camaras-seguridad-7&#8243; align=&#8221;center&#8221; hover_enabled=&#8221;0&#8243; sticky_enabled=&#8221;0&#8243;][\/et_pb_image][et_pb_blurb title=&#8221;Complir amb el RGPD millora la confian\u00e7a dels clients i la reputaci\u00f3 de l&apos;empresa.&#8221; use_icon=&#8221;on&#8221; font_icon=&#8221;&#xe052;||divi||400&#8243; icon_color=&#8221;#62afa8&#8243; icon_placement=&#8221;left&#8221; image_icon_width=&#8221;28px&#8221; content_max_width=&#8221;1100px&#8221; admin_label=&#8221;La redacci\u00f3n del Registro de actividad del tratamiento.&#8221; _builder_version=&#8221;4.25.1&#8243; header_font_size=&#8221;24px&#8221; header_line_height=&#8221;1.2em&#8221; body_font=&#8221;Open Sans||||||||&#8221; body_font_size=&#8221;16px&#8221; body_line_height=&#8221;1.8em&#8221; custom_padding=&#8221;|||&#8221; animation_style=&#8221;fold&#8221; animation_delay=&#8221;150ms&#8221; animation=&#8221;off&#8221; z_index_tablet=&#8221;500&#8243; icon_font_size=&#8221;28px&#8221; locked=&#8221;off&#8221; global_colors_info=&#8221;{}&#8221;][\/et_pb_blurb][et_pb_blurb title=&#8221;Integrem sistemes de videovigil\u00e0ncia personalitzats que asseguren el compliment amb el RGPD.&#8221; use_icon=&#8221;on&#8221; font_icon=&#8221;&#xe052;||divi||400&#8243; icon_color=&#8221;#62afa8&#8243; icon_placement=&#8221;left&#8221; image_icon_width=&#8221;28px&#8221; content_max_width=&#8221;1100px&#8221; admin_label=&#8221;La redacci\u00f3n del Informe inicial de riesgo.&#8221; _builder_version=&#8221;4.25.1&#8243; header_font_size=&#8221;24px&#8221; header_line_height=&#8221;1.2em&#8221; body_font=&#8221;Open Sans||||||||&#8221; body_font_size=&#8221;16px&#8221; body_line_height=&#8221;1.8em&#8221; custom_padding=&#8221;|||&#8221; animation_style=&#8221;fold&#8221; animation_delay=&#8221;150ms&#8221; animation=&#8221;off&#8221; z_index_tablet=&#8221;500&#8243; icon_font_size=&#8221;28px&#8221; locked=&#8221;off&#8221; global_colors_info=&#8221;{}&#8221;][\/et_pb_blurb][et_pb_blurb title=&#8221;Oferim suport continu per a garantir les millors pr\u00e0ctiques en privacitat i seguretat.&#8221; use_icon=&#8221;on&#8221; font_icon=&#8221;&#xe052;||divi||400&#8243; icon_color=&#8221;#62afa8&#8243; icon_placement=&#8221;left&#8221; image_icon_width=&#8221;28px&#8221; content_max_width=&#8221;1100px&#8221; admin_label=&#8221;La entrega de R\u00f3tulos informativos de la existencia de videoc\u00e1maras, con la informaci\u00f3n ampliada que exige el RGPD.&#8221; _builder_version=&#8221;4.25.1&#8243; header_font_size=&#8221;24px&#8221; header_line_height=&#8221;1.2em&#8221; body_font=&#8221;Open Sans||||||||&#8221; body_font_size=&#8221;16px&#8221; body_line_height=&#8221;1.8em&#8221; custom_padding=&#8221;|||&#8221; animation_style=&#8221;fold&#8221; animation_delay=&#8221;150ms&#8221; animation=&#8221;off&#8221; z_index_tablet=&#8221;500&#8243; icon_font_size=&#8221;28px&#8221; locked=&#8221;off&#8221; global_colors_info=&#8221;{}&#8221;][\/et_pb_blurb][\/et_pb_column][\/et_pb_row][\/et_pb_section][et_pb_section fb_built=&#8221;1&#8243; fullwidth=&#8221;on&#8221; _builder_version=&#8221;3.26&#8243; z_index_tablet=&#8221;500&#8243; box_shadow_horizontal_tablet=&#8221;0px&#8221; box_shadow_vertical_tablet=&#8221;0px&#8221; box_shadow_blur_tablet=&#8221;40px&#8221; box_shadow_spread_tablet=&#8221;0px&#8221; global_module=&#8221;2877&#8243; global_colors_info=&#8221;{}&#8221;][et_pb_fullwidth_code admin_label=&#8221;Links ESP&#8221; _builder_version=&#8221;4.16&#8243; text_orientation=&#8221;center&#8221; z_index_tablet=&#8221;500&#8243; global_colors_info=&#8221;{}&#8221;]<a href=\"\/aviso-legal\" target=\"_blank\" rel=\"noopener noreferrer\">Aviso legal<\/a> \u00b7 <a href=\"\/politica-de-privacidad\" target=\"_blank\" rel=\"noopener noreferrer\">Pol\u00edtica de privacidad<\/a> \u00b7 <a href=\"\/politica-de-cookies\" target=\"_blank\" rel=\"noopener noreferrer\">Pol\u00edtica de cookies<\/a>[\/et_pb_fullwidth_code][\/et_pb_section]<\/p>\n","protected":false},"excerpt":{"rendered":"<p>Serveis Empresa de Videovigil\u00e0ncia RGPDActualment, la videovigil\u00e0ncia s&#8217;ha convertit en una eina essencial per a la seguretat, per\u00f2 tamb\u00e9 \u00e9s crucial que les empreses de videovigil\u00e0ncia compleixin amb el Reglament General de Protecci\u00f3 de Dades (RGPD) per a protegir la privacitat de les persones. Cumpliment amb la RGPD Les empreses de videovigil\u00e0ncia han d&#8217;assegurar-se de:Notificaci\u00f3 [&hellip;]<\/p>\n","protected":false},"author":2,"featured_media":0,"parent":0,"menu_order":0,"comment_status":"closed","ping_status":"closed","template":"","meta":{"_et_pb_use_builder":"on","_et_pb_old_content":"","_et_gb_content_width":"","footnotes":""},"yoast_head":"<!-- This site is optimized with the Yoast SEO plugin v22.9 - https:\/\/yoast.com\/wordpress\/plugins\/seo\/ -->\n<title>Empresa de Videovigil\u00e0ncia RGPD - VideovigilanciaLegal.com llei per c\u00e0meres de seguretat<\/title>\n<meta name=\"description\" content=\"Empresa de videovigil\u00e0ncia especialitzada en compliment RGPD. Legalitzem la teva instal\u00b7laci\u00f3 CCTV en nom\u00e9s 3 dies, contacta&#039;ns !\" \/>\n<meta name=\"robots\" content=\"index, follow, max-snippet:-1, max-image-preview:large, max-video-preview:-1\" \/>\n<link rel=\"canonical\" href=\"https:\/\/www.videovigilancialegal.com\/ca\/empresa-de-videovigilancia-rgpd\/\" \/>\n<meta property=\"og:locale\" content=\"ca_ES\" \/>\n<meta property=\"og:type\" content=\"article\" \/>\n<meta property=\"og:title\" content=\"Empresa de Videovigil\u00e0ncia RGPD - VideovigilanciaLegal.com llei per c\u00e0meres de seguretat\" \/>\n<meta property=\"og:description\" content=\"Empresa de videovigil\u00e0ncia especialitzada en compliment RGPD. Legalitzem la teva instal\u00b7laci\u00f3 CCTV en nom\u00e9s 3 dies, contacta&#039;ns !\" \/>\n<meta property=\"og:url\" content=\"https:\/\/www.videovigilancialegal.com\/ca\/empresa-de-videovigilancia-rgpd\/\" \/>\n<meta property=\"og:site_name\" content=\"VideovigilanciaLegal.com\" \/>\n<meta property=\"article:modified_time\" content=\"2024-06-10T11:27:03+00:00\" \/>\n<meta name=\"twitter:card\" content=\"summary_large_image\" \/>\n<meta name=\"twitter:label1\" content=\"Temps estimat de lectura\" \/>\n\t<meta name=\"twitter:data1\" content=\"5 minuts\" \/>\n<script type=\"application\/ld+json\" class=\"yoast-schema-graph\">{\"@context\":\"https:\/\/schema.org\",\"@graph\":[{\"@type\":\"WebPage\",\"@id\":\"https:\/\/www.videovigilancialegal.com\/ca\/empresa-de-videovigilancia-rgpd\/\",\"url\":\"https:\/\/www.videovigilancialegal.com\/ca\/empresa-de-videovigilancia-rgpd\/\",\"name\":\"Empresa de Videovigil\u00e0ncia RGPD - VideovigilanciaLegal.com llei per c\u00e0meres de seguretat\",\"isPartOf\":{\"@id\":\"https:\/\/www.videovigilancialegal.com\/ca\/#website\"},\"datePublished\":\"2024-06-10T11:27:01+00:00\",\"dateModified\":\"2024-06-10T11:27:03+00:00\",\"description\":\"Empresa de videovigil\u00e0ncia especialitzada en compliment RGPD. Legalitzem la teva instal\u00b7laci\u00f3 CCTV en nom\u00e9s 3 dies, contacta'ns !\",\"breadcrumb\":{\"@id\":\"https:\/\/www.videovigilancialegal.com\/ca\/empresa-de-videovigilancia-rgpd\/#breadcrumb\"},\"inLanguage\":\"ca\",\"potentialAction\":[{\"@type\":\"ReadAction\",\"target\":[\"https:\/\/www.videovigilancialegal.com\/ca\/empresa-de-videovigilancia-rgpd\/\"]}]},{\"@type\":\"BreadcrumbList\",\"@id\":\"https:\/\/www.videovigilancialegal.com\/ca\/empresa-de-videovigilancia-rgpd\/#breadcrumb\",\"itemListElement\":[{\"@type\":\"ListItem\",\"position\":1,\"name\":\"Portada\",\"item\":\"https:\/\/www.videovigilancialegal.com\/ca\/\"},{\"@type\":\"ListItem\",\"position\":2,\"name\":\"Empresa de Videovigil\u00e0ncia RGPD\"}]},{\"@type\":\"WebSite\",\"@id\":\"https:\/\/www.videovigilancialegal.com\/ca\/#website\",\"url\":\"https:\/\/www.videovigilancialegal.com\/ca\/\",\"name\":\"VideovigilanciaLegal.com\",\"description\":\"\",\"potentialAction\":[{\"@type\":\"SearchAction\",\"target\":{\"@type\":\"EntryPoint\",\"urlTemplate\":\"https:\/\/www.videovigilancialegal.com\/ca\/?s={search_term_string}\"},\"query-input\":\"required name=search_term_string\"}],\"inLanguage\":\"ca\"}]}<\/script>\n<!-- \/ Yoast SEO plugin. -->","yoast_head_json":{"title":"Empresa de Videovigil\u00e0ncia RGPD - VideovigilanciaLegal.com llei per c\u00e0meres de seguretat","description":"Empresa de videovigil\u00e0ncia especialitzada en compliment RGPD. Legalitzem la teva instal\u00b7laci\u00f3 CCTV en nom\u00e9s 3 dies, contacta'ns !","robots":{"index":"index","follow":"follow","max-snippet":"max-snippet:-1","max-image-preview":"max-image-preview:large","max-video-preview":"max-video-preview:-1"},"canonical":"https:\/\/www.videovigilancialegal.com\/ca\/empresa-de-videovigilancia-rgpd\/","og_locale":"ca_ES","og_type":"article","og_title":"Empresa de Videovigil\u00e0ncia RGPD - VideovigilanciaLegal.com llei per c\u00e0meres de seguretat","og_description":"Empresa de videovigil\u00e0ncia especialitzada en compliment RGPD. Legalitzem la teva instal\u00b7laci\u00f3 CCTV en nom\u00e9s 3 dies, contacta'ns !","og_url":"https:\/\/www.videovigilancialegal.com\/ca\/empresa-de-videovigilancia-rgpd\/","og_site_name":"VideovigilanciaLegal.com","article_modified_time":"2024-06-10T11:27:03+00:00","twitter_card":"summary_large_image","twitter_misc":{"Temps estimat de lectura":"5 minuts"},"schema":{"@context":"https:\/\/schema.org","@graph":[{"@type":"WebPage","@id":"https:\/\/www.videovigilancialegal.com\/ca\/empresa-de-videovigilancia-rgpd\/","url":"https:\/\/www.videovigilancialegal.com\/ca\/empresa-de-videovigilancia-rgpd\/","name":"Empresa de Videovigil\u00e0ncia RGPD - VideovigilanciaLegal.com llei per c\u00e0meres de seguretat","isPartOf":{"@id":"https:\/\/www.videovigilancialegal.com\/ca\/#website"},"datePublished":"2024-06-10T11:27:01+00:00","dateModified":"2024-06-10T11:27:03+00:00","description":"Empresa de videovigil\u00e0ncia especialitzada en compliment RGPD. Legalitzem la teva instal\u00b7laci\u00f3 CCTV en nom\u00e9s 3 dies, contacta'ns !","breadcrumb":{"@id":"https:\/\/www.videovigilancialegal.com\/ca\/empresa-de-videovigilancia-rgpd\/#breadcrumb"},"inLanguage":"ca","potentialAction":[{"@type":"ReadAction","target":["https:\/\/www.videovigilancialegal.com\/ca\/empresa-de-videovigilancia-rgpd\/"]}]},{"@type":"BreadcrumbList","@id":"https:\/\/www.videovigilancialegal.com\/ca\/empresa-de-videovigilancia-rgpd\/#breadcrumb","itemListElement":[{"@type":"ListItem","position":1,"name":"Portada","item":"https:\/\/www.videovigilancialegal.com\/ca\/"},{"@type":"ListItem","position":2,"name":"Empresa de Videovigil\u00e0ncia RGPD"}]},{"@type":"WebSite","@id":"https:\/\/www.videovigilancialegal.com\/ca\/#website","url":"https:\/\/www.videovigilancialegal.com\/ca\/","name":"VideovigilanciaLegal.com","description":"","potentialAction":[{"@type":"SearchAction","target":{"@type":"EntryPoint","urlTemplate":"https:\/\/www.videovigilancialegal.com\/ca\/?s={search_term_string}"},"query-input":"required name=search_term_string"}],"inLanguage":"ca"}]}},"_links":{"self":[{"href":"https:\/\/www.videovigilancialegal.com\/ca\/wp-json\/wp\/v2\/pages\/3333"}],"collection":[{"href":"https:\/\/www.videovigilancialegal.com\/ca\/wp-json\/wp\/v2\/pages"}],"about":[{"href":"https:\/\/www.videovigilancialegal.com\/ca\/wp-json\/wp\/v2\/types\/page"}],"author":[{"embeddable":true,"href":"https:\/\/www.videovigilancialegal.com\/ca\/wp-json\/wp\/v2\/users\/2"}],"replies":[{"embeddable":true,"href":"https:\/\/www.videovigilancialegal.com\/ca\/wp-json\/wp\/v2\/comments?post=3333"}],"version-history":[{"count":2,"href":"https:\/\/www.videovigilancialegal.com\/ca\/wp-json\/wp\/v2\/pages\/3333\/revisions"}],"predecessor-version":[{"id":3335,"href":"https:\/\/www.videovigilancialegal.com\/ca\/wp-json\/wp\/v2\/pages\/3333\/revisions\/3335"}],"wp:attachment":[{"href":"https:\/\/www.videovigilancialegal.com\/ca\/wp-json\/wp\/v2\/media?parent=3333"}],"curies":[{"name":"wp","href":"https:\/\/api.w.org\/{rel}","templated":true}]}}