{"id":3324,"date":"2024-06-10T12:50:35","date_gmt":"2024-06-10T10:50:35","guid":{"rendered":"https:\/\/www.videovigilancialegal.com\/empresa-per-a-aplicar-la-normativa-de-videovigilancia\/"},"modified":"2024-06-10T12:50:37","modified_gmt":"2024-06-10T10:50:37","slug":"empresa-per-a-aplicar-la-normativa-de-videovigilancia","status":"publish","type":"page","link":"https:\/\/www.videovigilancialegal.com\/ca\/empresa-per-a-aplicar-la-normativa-de-videovigilancia\/","title":{"rendered":"Empresa per a aplicar la normativa de videovigil\u00e0ncia"},"content":{"rendered":"<p>[et_pb_section fb_built=&#8221;1&#8243; admin_label=&#8221;Why choose us&#8221; _builder_version=&#8221;4.16&#8243; global_colors_info=&#8221;{}&#8221;][et_pb_row column_structure=&#8221;1_2,1_2&#8243; _builder_version=&#8221;4.16&#8243; global_colors_info=&#8221;{}&#8221;][et_pb_column type=&#8221;1_2&#8243; _builder_version=&#8221;4.16&#8243; custom_padding=&#8221;|||&#8221; global_colors_info=&#8221;{}&#8221; custom_padding__hover=&#8221;|||&#8221;][et_pb_text _builder_version=&#8221;4.25.1&#8243; text_font=&#8221;||||||||&#8221; text_text_color=&#8221;rgba(0,0,0,0.05)&#8221; text_font_size=&#8221;100px&#8221; text_line_height=&#8221;0.2em&#8221; header_2_font_size=&#8221;48px&#8221; header_2_line_height=&#8221;1.4em&#8221; custom_margin=&#8221;||30px||false&#8221; custom_margin_tablet=&#8221;||0px|&#8221; custom_margin_phone=&#8221;&#8221; custom_margin_last_edited=&#8221;on|tablet&#8221; text_font_size_tablet=&#8221;80px&#8221; text_font_size_phone=&#8221;60px&#8221; text_font_size_last_edited=&#8221;on|desktop&#8221; header_2_font_size_tablet=&#8221;&#8221; header_2_font_size_phone=&#8221;36px&#8221; header_2_font_size_last_edited=&#8221;on|phone&#8221; z_index_tablet=&#8221;500&#8243; global_colors_info=&#8221;{}&#8221;]<\/p>\n<p>Serveis<\/p>\n<h2>Empresa per a Aplicar Normativa Videovigil\u00e0ncia<\/h2>\n<p>[\/et_pb_text][et_pb_text _builder_version=&#8221;4.25.1&#8243; text_font=&#8221;Open Sans||||||||&#8221; text_font_size=&#8221;16px&#8221; text_line_height=&#8221;1.8em&#8221; max_width_last_edited=&#8221;off|desktop&#8221; z_index_tablet=&#8221;500&#8243; global_colors_info=&#8221;{}&#8221;]<\/p>\n<p>En\u00a0VIDEOVIGILANCIALEGAL\u00a0oferim un servei integral que abasta des de la instal\u00b7laci\u00f3 de cambres fins al lliurament de tota la documentaci\u00f3 necess\u00e0ria en un m\u00e0xim de tres dies h\u00e0bils, assegurant que els teus sistemes de CCTV compleixin amb totes les normatives vigents.<\/p>\n<p>Els nostres serveis inclouen una avaluaci\u00f3 inicial per a identificar les necessitats espec\u00edfiques de cada client, seguida de la implementaci\u00f3 de mesures t\u00e8cniques i organitzatives adequades per a garantir la conformitat legal.<\/p>\n<p>Realitzem auditories peri\u00f2diques per a mantenir els teus sistemes actualitzats enfront de qualsevol canvi en la legislaci\u00f3 oferint suport t\u00e8cnic continu per a resoldre qualsevol incid\u00e8ncia i formaci\u00f3 al teu personal per a assegurar que comprenguin i apliquin les millors pr\u00e0ctiques en privacitat i seguretat de dades.<\/p>\n<p>&nbsp;<\/p>\n<h2 style=\"text-align: center;\">Amb la nostra ajuda, pots estar segur que la teva instal\u00b7laci\u00f3 de videovigil\u00e0ncia opera de manera eficient i segura.<\/h2>\n<p>[\/et_pb_text][et_pb_image src=&#8221;https:\/\/www.videovigilancialegal.com\/wp-content\/uploads\/2024\/05\/camaras-seguridad-2.jpg&#8221; alt=&#8221;Llei de protecci\u00f3 de dades per a c\u00e0meres de seguretat&#8221; title_text=&#8221;camaras-seguridad-2&#8243; _builder_version=&#8221;4.25.1&#8243; _module_preset=&#8221;default&#8221; global_colors_info=&#8221;{}&#8221;][\/et_pb_image][\/et_pb_column][et_pb_column type=&#8221;1_2&#8243; _builder_version=&#8221;4.16&#8243; custom_padding=&#8221;120px|||&#8221; custom_padding_tablet=&#8221;40px|||&#8221; custom_padding_phone=&#8221;&#8221; custom_padding_last_edited=&#8221;on|tablet&#8221; global_colors_info=&#8221;{}&#8221; custom_padding__hover=&#8221;|||&#8221;][et_pb_text _builder_version=&#8221;4.25.1&#8243; text_font=&#8221;Open Sans||||||||&#8221; text_font_size=&#8221;16px&#8221; text_line_height=&#8221;1.8em&#8221; max_width_last_edited=&#8221;off|desktop&#8221; z_index_tablet=&#8221;500&#8243; global_colors_info=&#8221;{}&#8221;]<\/p>\n<h2>Innovaci\u00f3 en Videovigil\u00e0ncia<\/h2>\n<h4>Solucions Tecnol\u00f2giques Avan\u00e7ades<\/h4>\n<p>Utilitzem la tecnologia m\u00e9s avan\u00e7ada en els nostres sistemes de videovigil\u00e0ncia per a garantir no sols el compliment legal, sin\u00f3 tamb\u00e9 una major efici\u00e8ncia i seguretat. Implementem eines d&#8217;an\u00e0lisis de v\u00eddeo i emmagatzematge segur en el n\u00favol, permetent un acc\u00e9s r\u00e0pid i segur a les gravacions quan sigui necessari.<\/p>\n<h4>Optimitzaci\u00f3 de Recursos<\/h4>\n<p>Gr\u00e0cies a les nostres solucions integrals, podem optimitzar els recursos de la teva empresa, reduint costos operatius i millorant l&#8217;efici\u00e8ncia del sistema de videovigil\u00e0ncia. Les nostres configuracions estan dissenyades per a maximitzar la cobertura i minimitzar les \u00e0rees cegues, proporcionant una seguretat integral i efectiva.<\/p>\n<h4>Adaptaci\u00f3 a Canvis Legislatius<\/h4>\n<p>Ens mantenim al corrent de qualsevol canvi en la legislaci\u00f3 i adaptem els teus sistemes de videovigil\u00e0ncia en conseq\u00fc\u00e8ncia. Aix\u00f2 assegura que sempre estiguis en compliment amb les normatives m\u00e9s recents, evitant sancions i millorant la protecci\u00f3 de dades personals.<\/p>\n<p>[\/et_pb_text][et_pb_blurb title=&#8221;Utilitzem tecnologia avan\u00e7ada per a assegurar l&apos;efici\u00e8ncia i el compliment legal dels teus sistemes de videovigil\u00e0ncia.&#8221; use_icon=&#8221;on&#8221; font_icon=&#8221;&#xe052;||divi||400&#8243; icon_color=&#8221;#62afa8&#8243; icon_placement=&#8221;left&#8221; image_icon_width=&#8221;28px&#8221; content_max_width=&#8221;1100px&#8221; admin_label=&#8221;La redacci\u00f3n del Registro de actividad del tratamiento.&#8221; _builder_version=&#8221;4.25.1&#8243; header_font_size=&#8221;24px&#8221; header_line_height=&#8221;1.2em&#8221; body_font=&#8221;Open Sans||||||||&#8221; body_font_size=&#8221;16px&#8221; body_line_height=&#8221;1.8em&#8221; custom_padding=&#8221;|||&#8221; animation_style=&#8221;fold&#8221; animation_delay=&#8221;150ms&#8221; animation=&#8221;off&#8221; z_index_tablet=&#8221;500&#8243; icon_font_size=&#8221;28px&#8221; locked=&#8221;off&#8221; global_colors_info=&#8221;{}&#8221;][\/et_pb_blurb][et_pb_blurb title=&#8221;Optimitzem recursos per a oferir una seguretat integral i efectiva, reduint costos operatius.&#8221; use_icon=&#8221;on&#8221; font_icon=&#8221;&#xe052;||divi||400&#8243; icon_color=&#8221;#62afa8&#8243; icon_placement=&#8221;left&#8221; image_icon_width=&#8221;28px&#8221; content_max_width=&#8221;1100px&#8221; admin_label=&#8221;La redacci\u00f3n del Informe inicial de riesgo.&#8221; _builder_version=&#8221;4.25.1&#8243; header_font_size=&#8221;24px&#8221; header_line_height=&#8221;1.2em&#8221; body_font=&#8221;Open Sans||||||||&#8221; body_font_size=&#8221;16px&#8221; body_line_height=&#8221;1.8em&#8221; custom_padding=&#8221;|||&#8221; animation_style=&#8221;fold&#8221; animation_delay=&#8221;150ms&#8221; animation=&#8221;off&#8221; z_index_tablet=&#8221;500&#8243; icon_font_size=&#8221;28px&#8221; locked=&#8221;off&#8221; global_colors_info=&#8221;{}&#8221;][\/et_pb_blurb][et_pb_blurb title=&#8221;Ens adaptem a canvis legislatius per a garantir la protecci\u00f3 cont\u00ednua de dades personals.&#8221; use_icon=&#8221;on&#8221; font_icon=&#8221;&#xe052;||divi||400&#8243; icon_color=&#8221;#62afa8&#8243; icon_placement=&#8221;left&#8221; image_icon_width=&#8221;28px&#8221; content_max_width=&#8221;1100px&#8221; admin_label=&#8221;La entrega de R\u00f3tulos informativos de la existencia de videoc\u00e1maras, con la informaci\u00f3n ampliada que exige el RGPD.&#8221; _builder_version=&#8221;4.25.1&#8243; header_font_size=&#8221;24px&#8221; header_line_height=&#8221;1.2em&#8221; body_font=&#8221;Open Sans||||||||&#8221; body_font_size=&#8221;16px&#8221; body_line_height=&#8221;1.8em&#8221; custom_padding=&#8221;|||&#8221; animation_style=&#8221;fold&#8221; animation_delay=&#8221;150ms&#8221; animation=&#8221;off&#8221; z_index_tablet=&#8221;500&#8243; icon_font_size=&#8221;28px&#8221; locked=&#8221;off&#8221; global_colors_info=&#8221;{}&#8221;][\/et_pb_blurb][\/et_pb_column][\/et_pb_row][\/et_pb_section][et_pb_section fb_built=&#8221;1&#8243; fullwidth=&#8221;on&#8221; _builder_version=&#8221;3.26&#8243; z_index_tablet=&#8221;500&#8243; box_shadow_horizontal_tablet=&#8221;0px&#8221; box_shadow_vertical_tablet=&#8221;0px&#8221; box_shadow_blur_tablet=&#8221;40px&#8221; box_shadow_spread_tablet=&#8221;0px&#8221; global_module=&#8221;2877&#8243; global_colors_info=&#8221;{}&#8221;][et_pb_fullwidth_code admin_label=&#8221;Links ESP&#8221; _builder_version=&#8221;4.16&#8243; text_orientation=&#8221;center&#8221; z_index_tablet=&#8221;500&#8243; global_colors_info=&#8221;{}&#8221;]<a href=\"\/aviso-legal\" target=\"_blank\" rel=\"noopener noreferrer\">Aviso legal<\/a> \u00b7 <a href=\"\/politica-de-privacidad\" target=\"_blank\" rel=\"noopener noreferrer\">Pol\u00edtica de privacidad<\/a> \u00b7 <a href=\"\/politica-de-cookies\" target=\"_blank\" rel=\"noopener noreferrer\">Pol\u00edtica de cookies<\/a>[\/et_pb_fullwidth_code][\/et_pb_section]<\/p>\n","protected":false},"excerpt":{"rendered":"<p>Serveis Empresa per a Aplicar Normativa Videovigil\u00e0nciaEn\u00a0VIDEOVIGILANCIALEGAL\u00a0oferim un servei integral que abasta des de la instal\u00b7laci\u00f3 de cambres fins al lliurament de tota la documentaci\u00f3 necess\u00e0ria en un m\u00e0xim de tres dies h\u00e0bils, assegurant que els teus sistemes de CCTV compleixin amb totes les normatives vigents.Els nostres serveis inclouen una avaluaci\u00f3 inicial per a identificar [&hellip;]<\/p>\n","protected":false},"author":2,"featured_media":0,"parent":0,"menu_order":0,"comment_status":"closed","ping_status":"closed","template":"","meta":{"_et_pb_use_builder":"on","_et_pb_old_content":"","_et_gb_content_width":"","footnotes":""},"yoast_head":"<!-- This site is optimized with the Yoast SEO plugin v22.9 - https:\/\/yoast.com\/wordpress\/plugins\/seo\/ -->\n<title>Empresa per a aplicar la normativa de videovigil\u00e0ncia - VideovigilanciaLegal.com<\/title>\n<meta name=\"description\" content=\"Legalitzem instal\u00b7lacions CCTV en nom\u00e9s 3 dies, garantint el compliment de la Llei de Protecci\u00f3 de Dades per a c\u00e0meres de seguretat.\" \/>\n<meta name=\"robots\" content=\"index, follow, max-snippet:-1, max-image-preview:large, max-video-preview:-1\" \/>\n<link rel=\"canonical\" href=\"https:\/\/www.videovigilancialegal.com\/ca\/empresa-per-a-aplicar-la-normativa-de-videovigilancia\/\" \/>\n<meta property=\"og:locale\" content=\"ca_ES\" \/>\n<meta property=\"og:type\" content=\"article\" \/>\n<meta property=\"og:title\" content=\"Empresa per a aplicar la normativa de videovigil\u00e0ncia - VideovigilanciaLegal.com\" \/>\n<meta property=\"og:description\" content=\"Legalitzem instal\u00b7lacions CCTV en nom\u00e9s 3 dies, garantint el compliment de la Llei de Protecci\u00f3 de Dades per a c\u00e0meres de seguretat.\" \/>\n<meta property=\"og:url\" content=\"https:\/\/www.videovigilancialegal.com\/ca\/empresa-per-a-aplicar-la-normativa-de-videovigilancia\/\" \/>\n<meta property=\"og:site_name\" content=\"VideovigilanciaLegal.com\" \/>\n<meta property=\"article:modified_time\" content=\"2024-06-10T10:50:37+00:00\" \/>\n<meta name=\"twitter:card\" content=\"summary_large_image\" \/>\n<meta name=\"twitter:label1\" content=\"Temps estimat de lectura\" \/>\n\t<meta name=\"twitter:data1\" content=\"5 minuts\" \/>\n<script type=\"application\/ld+json\" class=\"yoast-schema-graph\">{\"@context\":\"https:\/\/schema.org\",\"@graph\":[{\"@type\":\"WebPage\",\"@id\":\"https:\/\/www.videovigilancialegal.com\/ca\/empresa-per-a-aplicar-la-normativa-de-videovigilancia\/\",\"url\":\"https:\/\/www.videovigilancialegal.com\/ca\/empresa-per-a-aplicar-la-normativa-de-videovigilancia\/\",\"name\":\"Empresa per a aplicar la normativa de videovigil\u00e0ncia - VideovigilanciaLegal.com\",\"isPartOf\":{\"@id\":\"https:\/\/www.videovigilancialegal.com\/ca\/#website\"},\"datePublished\":\"2024-06-10T10:50:35+00:00\",\"dateModified\":\"2024-06-10T10:50:37+00:00\",\"description\":\"Legalitzem instal\u00b7lacions CCTV en nom\u00e9s 3 dies, garantint el compliment de la Llei de Protecci\u00f3 de Dades per a c\u00e0meres de seguretat.\",\"breadcrumb\":{\"@id\":\"https:\/\/www.videovigilancialegal.com\/ca\/empresa-per-a-aplicar-la-normativa-de-videovigilancia\/#breadcrumb\"},\"inLanguage\":\"ca\",\"potentialAction\":[{\"@type\":\"ReadAction\",\"target\":[\"https:\/\/www.videovigilancialegal.com\/ca\/empresa-per-a-aplicar-la-normativa-de-videovigilancia\/\"]}]},{\"@type\":\"BreadcrumbList\",\"@id\":\"https:\/\/www.videovigilancialegal.com\/ca\/empresa-per-a-aplicar-la-normativa-de-videovigilancia\/#breadcrumb\",\"itemListElement\":[{\"@type\":\"ListItem\",\"position\":1,\"name\":\"Portada\",\"item\":\"https:\/\/www.videovigilancialegal.com\/ca\/\"},{\"@type\":\"ListItem\",\"position\":2,\"name\":\"Empresa per a aplicar la normativa de videovigil\u00e0ncia\"}]},{\"@type\":\"WebSite\",\"@id\":\"https:\/\/www.videovigilancialegal.com\/ca\/#website\",\"url\":\"https:\/\/www.videovigilancialegal.com\/ca\/\",\"name\":\"VideovigilanciaLegal.com\",\"description\":\"\",\"potentialAction\":[{\"@type\":\"SearchAction\",\"target\":{\"@type\":\"EntryPoint\",\"urlTemplate\":\"https:\/\/www.videovigilancialegal.com\/ca\/?s={search_term_string}\"},\"query-input\":\"required name=search_term_string\"}],\"inLanguage\":\"ca\"}]}<\/script>\n<!-- \/ Yoast SEO plugin. -->","yoast_head_json":{"title":"Empresa per a aplicar la normativa de videovigil\u00e0ncia - VideovigilanciaLegal.com","description":"Legalitzem instal\u00b7lacions CCTV en nom\u00e9s 3 dies, garantint el compliment de la Llei de Protecci\u00f3 de Dades per a c\u00e0meres de seguretat.","robots":{"index":"index","follow":"follow","max-snippet":"max-snippet:-1","max-image-preview":"max-image-preview:large","max-video-preview":"max-video-preview:-1"},"canonical":"https:\/\/www.videovigilancialegal.com\/ca\/empresa-per-a-aplicar-la-normativa-de-videovigilancia\/","og_locale":"ca_ES","og_type":"article","og_title":"Empresa per a aplicar la normativa de videovigil\u00e0ncia - VideovigilanciaLegal.com","og_description":"Legalitzem instal\u00b7lacions CCTV en nom\u00e9s 3 dies, garantint el compliment de la Llei de Protecci\u00f3 de Dades per a c\u00e0meres de seguretat.","og_url":"https:\/\/www.videovigilancialegal.com\/ca\/empresa-per-a-aplicar-la-normativa-de-videovigilancia\/","og_site_name":"VideovigilanciaLegal.com","article_modified_time":"2024-06-10T10:50:37+00:00","twitter_card":"summary_large_image","twitter_misc":{"Temps estimat de lectura":"5 minuts"},"schema":{"@context":"https:\/\/schema.org","@graph":[{"@type":"WebPage","@id":"https:\/\/www.videovigilancialegal.com\/ca\/empresa-per-a-aplicar-la-normativa-de-videovigilancia\/","url":"https:\/\/www.videovigilancialegal.com\/ca\/empresa-per-a-aplicar-la-normativa-de-videovigilancia\/","name":"Empresa per a aplicar la normativa de videovigil\u00e0ncia - VideovigilanciaLegal.com","isPartOf":{"@id":"https:\/\/www.videovigilancialegal.com\/ca\/#website"},"datePublished":"2024-06-10T10:50:35+00:00","dateModified":"2024-06-10T10:50:37+00:00","description":"Legalitzem instal\u00b7lacions CCTV en nom\u00e9s 3 dies, garantint el compliment de la Llei de Protecci\u00f3 de Dades per a c\u00e0meres de seguretat.","breadcrumb":{"@id":"https:\/\/www.videovigilancialegal.com\/ca\/empresa-per-a-aplicar-la-normativa-de-videovigilancia\/#breadcrumb"},"inLanguage":"ca","potentialAction":[{"@type":"ReadAction","target":["https:\/\/www.videovigilancialegal.com\/ca\/empresa-per-a-aplicar-la-normativa-de-videovigilancia\/"]}]},{"@type":"BreadcrumbList","@id":"https:\/\/www.videovigilancialegal.com\/ca\/empresa-per-a-aplicar-la-normativa-de-videovigilancia\/#breadcrumb","itemListElement":[{"@type":"ListItem","position":1,"name":"Portada","item":"https:\/\/www.videovigilancialegal.com\/ca\/"},{"@type":"ListItem","position":2,"name":"Empresa per a aplicar la normativa de videovigil\u00e0ncia"}]},{"@type":"WebSite","@id":"https:\/\/www.videovigilancialegal.com\/ca\/#website","url":"https:\/\/www.videovigilancialegal.com\/ca\/","name":"VideovigilanciaLegal.com","description":"","potentialAction":[{"@type":"SearchAction","target":{"@type":"EntryPoint","urlTemplate":"https:\/\/www.videovigilancialegal.com\/ca\/?s={search_term_string}"},"query-input":"required name=search_term_string"}],"inLanguage":"ca"}]}},"_links":{"self":[{"href":"https:\/\/www.videovigilancialegal.com\/ca\/wp-json\/wp\/v2\/pages\/3324"}],"collection":[{"href":"https:\/\/www.videovigilancialegal.com\/ca\/wp-json\/wp\/v2\/pages"}],"about":[{"href":"https:\/\/www.videovigilancialegal.com\/ca\/wp-json\/wp\/v2\/types\/page"}],"author":[{"embeddable":true,"href":"https:\/\/www.videovigilancialegal.com\/ca\/wp-json\/wp\/v2\/users\/2"}],"replies":[{"embeddable":true,"href":"https:\/\/www.videovigilancialegal.com\/ca\/wp-json\/wp\/v2\/comments?post=3324"}],"version-history":[{"count":2,"href":"https:\/\/www.videovigilancialegal.com\/ca\/wp-json\/wp\/v2\/pages\/3324\/revisions"}],"predecessor-version":[{"id":3326,"href":"https:\/\/www.videovigilancialegal.com\/ca\/wp-json\/wp\/v2\/pages\/3324\/revisions\/3326"}],"wp:attachment":[{"href":"https:\/\/www.videovigilancialegal.com\/ca\/wp-json\/wp\/v2\/media?parent=3324"}],"curies":[{"name":"wp","href":"https:\/\/api.w.org\/{rel}","templated":true}]}}