{"id":3321,"date":"2024-06-10T12:40:54","date_gmt":"2024-06-10T10:40:54","guid":{"rendered":"https:\/\/www.videovigilancialegal.com\/empresa-que-aplica-la-llei-per-a-cameres-de-seguretat\/"},"modified":"2024-06-10T12:40:55","modified_gmt":"2024-06-10T10:40:55","slug":"empresa-que-aplica-la-llei-per-a-cameres-de-seguretat","status":"publish","type":"page","link":"https:\/\/www.videovigilancialegal.com\/ca\/empresa-que-aplica-la-llei-per-a-cameres-de-seguretat\/","title":{"rendered":"Empresa que aplica la llei per a c\u00e0meres de seguretat"},"content":{"rendered":"<p>[et_pb_section fb_built=&#8221;1&#8243; admin_label=&#8221;History&#8221; _builder_version=&#8221;4.16&#8243; inner_width_tablet=&#8221;50px&#8221; inner_max_width_tablet=&#8221;50px&#8221; custom_padding=&#8221;||1%|&#8221; z_index_tablet=&#8221;500&#8243; global_colors_info=&#8221;{}&#8221;][et_pb_row _builder_version=&#8221;4.16&#8243; custom_margin=&#8221;|||&#8221; custom_padding=&#8221;|||&#8221; global_colors_info=&#8221;{}&#8221;][et_pb_column type=&#8221;4_4&#8243; _builder_version=&#8221;4.16&#8243; custom_padding=&#8221;|||&#8221; global_colors_info=&#8221;{}&#8221; custom_padding__hover=&#8221;|||&#8221;][et_pb_text _builder_version=&#8221;4.25.1&#8243; text_text_color=&#8221;rgba(0,0,0,0.05)&#8221; text_font_size=&#8221;100px&#8221; text_line_height=&#8221;0.2em&#8221; header_2_font_size=&#8221;48px&#8221; header_2_line_height=&#8221;1.4em&#8221; text_orientation=&#8221;center&#8221; custom_margin=&#8221;||30px||false&#8221; custom_margin_tablet=&#8221;||0px|&#8221; custom_margin_phone=&#8221;&#8221; custom_margin_last_edited=&#8221;on|tablet&#8221; text_font_size_tablet=&#8221;80px&#8221; text_font_size_phone=&#8221;60px&#8221; text_font_size_last_edited=&#8221;on|desktop&#8221; header_2_font_size_tablet=&#8221;&#8221; header_2_font_size_phone=&#8221;36px&#8221; header_2_font_size_last_edited=&#8221;on|phone&#8221; z_index_tablet=&#8221;500&#8243; global_colors_info=&#8221;{}&#8221;]<\/p>\n<p>L&#8217; empresa<\/p>\n<h2>Som la teva empresa per a aplicar la llei en c\u00e0meres de seguretat<\/h2>\n<p>[\/et_pb_text][et_pb_text _builder_version=&#8221;4.25.1&#8243; text_font=&#8221;Open Sans||||||||&#8221; text_font_size=&#8221;16px&#8221; text_line_height=&#8221;1.8em&#8221; text_orientation=&#8221;center&#8221; max_width=&#8221;700px&#8221; max_width_tablet=&#8221;&#8221; max_width_phone=&#8221;&#8221; max_width_last_edited=&#8221;on|phone&#8221; module_alignment=&#8221;center&#8221; z_index_tablet=&#8221;500&#8243; locked=&#8221;off&#8221; global_colors_info=&#8221;{}&#8221;]<\/p>\n<p>Comptar amb una empresa especialitzada en l&#8217;aplicaci\u00f3 de la llei per a c\u00e0meres de seguretat \u00e9s fonamental per a assegurar la conformitat amb la normativa vigent i protegir la privacitat de les dades personals.<\/p>\n<p>La nostra empresa es destaca pel seu profund coneixement t\u00e8cnic i legal en la implementaci\u00f3 de sistemes de videovigil\u00e0ncia conforme a la Llei org\u00e0nica de Protecci\u00f3 de Dades (LOPD)\u00a0i el Reglament General de Protecci\u00f3 de Dades (RGPD) aplicant la llei en les instal\u00b7lacions de cambres seguretat.<\/p>\n<p>[\/et_pb_text][et_pb_image src=&#8221;https:\/\/www.videovigilancialegal.com\/wp-content\/uploads\/2024\/05\/camaras-seguridad-3.jpg&#8221; alt=&#8221;Llei de c\u00e0meres de seguretat&#8221; title_text=&#8221;camaras-seguridad-3&#8243; align=&#8221;center&#8221; _builder_version=&#8221;4.25.1&#8243; _module_preset=&#8221;default&#8221; width=&#8221;80%&#8221; global_colors_info=&#8221;{}&#8221;][\/et_pb_image][\/et_pb_column][\/et_pb_row][\/et_pb_section][et_pb_section fb_built=&#8221;1&#8243; _builder_version=&#8221;4.16&#8243; inner_width_tablet=&#8221;50px&#8221; inner_max_width_tablet=&#8221;50px&#8221; custom_padding=&#8221;1%|||&#8221; z_index_tablet=&#8221;500&#8243; global_colors_info=&#8221;{}&#8221;][et_pb_row column_structure=&#8221;1_3,1_3,1_3&#8243; make_equal=&#8221;on&#8221; _builder_version=&#8221;4.16&#8243; width=&#8221;70%&#8221; custom_margin=&#8221;|||&#8221; custom_padding=&#8221;|||&#8221; z_index_tablet=&#8221;500&#8243; border_radii=&#8221;on|0px|0px|0px|0px&#8221; locked=&#8221;off&#8221; global_colors_info=&#8221;{}&#8221;][et_pb_column type=&#8221;1_3&#8243; _builder_version=&#8221;4.16&#8243; custom_padding=&#8221;|||&#8221; global_colors_info=&#8221;{}&#8221; custom_padding__hover=&#8221;|||&#8221;][et_pb_blurb title=&#8221;Professionalitat&#8221; use_icon=&#8221;on&#8221; font_icon=&#8221;&#xe106;||divi||400&#8243; icon_color=&#8221;#ffffff&#8221; image_icon_background_color=&#8221;rgba(255,255,255,0.2)&#8221; image_icon_width=&#8221;48px&#8221; admin_label=&#8221;Experiencia&#8221; _builder_version=&#8221;4.25.1&#8243; header_text_align=&#8221;center&#8221; header_font_size=&#8221;24px&#8221; header_line_height=&#8221;1.2em&#8221; body_font_size=&#8221;16px&#8221; body_line_height=&#8221;1.8em&#8221; background_color=&#8221;#2d5174&#8243; image_icon_custom_padding=&#8221;25px|25px|25px|25px|false|false&#8221; text_orientation=&#8221;center&#8221; background_layout=&#8221;dark&#8221; custom_padding=&#8221;40px|30px|40px|30px|true|true&#8221; animation_style=&#8221;fold&#8221; animation_delay=&#8221;450ms&#8221; animation=&#8221;off&#8221; z_index_tablet=&#8221;500&#8243; border_color_all=&#8221;rgba(0,0,0,0.83)&#8221; border_radii_image=&#8221;on|100%|100%|100%|100%&#8221; border_width_all_image=&#8221;3px&#8221; border_color_all_image=&#8221;#ffffff&#8221; use_circle=&#8221;on&#8221; use_circle_border=&#8221;on&#8221; circle_border_color=&#8221;#ffffff&#8221; circle_color=&#8221;rgba(255,255,255,0.2)&#8221; global_colors_info=&#8221;{}&#8221; image_icon_background_color__sticky_enabled=&#8221;#7EBEC5&#8243; image_icon_background_color__sticky=&#8221;#7EBEC5&#8243;]<\/p>\n<p>La professionalitat i experi\u00e8ncia del nostre equip garanteixen que cada instal\u00b7laci\u00f3 de c\u00e0meres de seguretat es realitzi de manera efectiva i conforme a les lleis. Realitzem una an\u00e0lisi detallada de les necessitats de cada client i proporcionem solucions personalitzades que asseguren el compliment legal en c\u00e0meres de seguretat i l&#8217;efici\u00e8ncia operativa del sistema de videovigil\u00e0ncia amb un coneixement t\u00e8cnic abasta des de la instal\u00b7laci\u00f3 de maquinari avan\u00e7at fins a la configuraci\u00f3 de programari que permet un emmagatzematge segur i un acc\u00e9s controlat a les gravacions.<\/p>\n<p>[\/et_pb_blurb][\/et_pb_column][et_pb_column type=&#8221;1_3&#8243; _builder_version=&#8221;4.16&#8243; custom_padding=&#8221;|||&#8221; global_colors_info=&#8221;{}&#8221; custom_padding__hover=&#8221;|||&#8221;][et_pb_blurb title=&#8221;Experts Legals&#8221; use_icon=&#8221;on&#8221; font_icon=&#8221;&#xe031;||divi||400&#8243; icon_color=&#8221;#ffffff&#8221; image_icon_background_color=&#8221;rgba(255,255,255,0.2)&#8221; image_icon_width=&#8221;48px&#8221; admin_label=&#8221;Especializaci\u00f3n&#8221; _builder_version=&#8221;4.25.1&#8243; header_text_align=&#8221;center&#8221; header_font_size=&#8221;24px&#8221; header_line_height=&#8221;1.2em&#8221; body_font_size=&#8221;16px&#8221; body_line_height=&#8221;1.8em&#8221; background_color=&#8221;#62afa8&#8243; image_icon_custom_padding=&#8221;25px|25px|25px|25px|false|false&#8221; text_orientation=&#8221;center&#8221; background_layout=&#8221;dark&#8221; custom_padding=&#8221;40px|30px|40px|30px|true|true&#8221; animation_style=&#8221;fold&#8221; animation_delay=&#8221;450ms&#8221; animation=&#8221;off&#8221; z_index_tablet=&#8221;500&#8243; border_color_all=&#8221;rgba(0,0,0,0.83)&#8221; border_radii_image=&#8221;on|100%|100%|100%|100%&#8221; border_width_all_image=&#8221;3px&#8221; border_color_all_image=&#8221;#ffffff&#8221; use_circle=&#8221;on&#8221; use_circle_border=&#8221;on&#8221; circle_border_color=&#8221;#ffffff&#8221; circle_color=&#8221;rgba(255,255,255,0.2)&#8221; global_colors_info=&#8221;{}&#8221; image_icon_background_color__sticky_enabled=&#8221;#7EBEC5&#8243; image_icon_background_color__sticky=&#8221;#7EBEC5&#8243;]<\/p>\n<p>La correcta aplicaci\u00f3 de llei i la normativa evita sancions i multes i protegeix la reputaci\u00f3 de la teva empresa. Treballar amb una empresa que t\u00e9 un profund enteniment dels aspectes legals assegura que tots els procediments es realitzin conforme a la llei, proporcionant tranquil\u00b7litat i seguretat a llarg termini.<\/p>\n<p>[\/et_pb_blurb][\/et_pb_column][et_pb_column type=&#8221;1_3&#8243; _builder_version=&#8221;4.16&#8243; custom_padding=&#8221;|||&#8221; global_colors_info=&#8221;{}&#8221; custom_padding__hover=&#8221;|||&#8221;][et_pb_blurb title=&#8221;Videovigil\u00e0ncia&#8221; use_icon=&#8221;on&#8221; font_icon=&#8221;&#xe108;||divi||400&#8243; icon_color=&#8221;#ffffff&#8221; image_icon_background_color=&#8221;rgba(255,255,255,0.2)&#8221; image_icon_width=&#8221;48px&#8221; admin_label=&#8221;Profesionalidad&#8221; _builder_version=&#8221;4.25.1&#8243; header_text_align=&#8221;center&#8221; header_font_size=&#8221;24px&#8221; header_line_height=&#8221;1.2em&#8221; body_font_size=&#8221;16px&#8221; body_line_height=&#8221;1.8em&#8221; background_color=&#8221;#868686&#8243; image_icon_custom_padding=&#8221;25px|25px|25px|25px|false|false&#8221; text_orientation=&#8221;center&#8221; background_layout=&#8221;dark&#8221; custom_padding=&#8221;40px|30px|40px|30px|true|true&#8221; animation_style=&#8221;fold&#8221; animation_delay=&#8221;450ms&#8221; animation=&#8221;off&#8221; z_index_tablet=&#8221;500&#8243; border_color_all=&#8221;rgba(0,0,0,0.83)&#8221; border_radii_image=&#8221;on|100%|100%|100%|100%&#8221; border_width_all_image=&#8221;3px&#8221; border_color_all_image=&#8221;#ffffff&#8221; use_circle=&#8221;on&#8221; use_circle_border=&#8221;on&#8221; circle_border_color=&#8221;#ffffff&#8221; circle_color=&#8221;rgba(255,255,255,0.2)&#8221; locked=&#8221;off&#8221; global_colors_info=&#8221;{}&#8221; image_icon_background_color__sticky_enabled=&#8221;#7EBEC5&#8243; image_icon_background_color__sticky=&#8221;#7EBEC5&#8243;]<\/p>\n<p>La nostra empresa es destaca pel seu avan\u00e7at coneixement t\u00e8cnic en el camp de la videovigil\u00e0ncia, la qual cosa ens permet oferir solucions innovadores i eficaces adaptades a les necessitats espec\u00edfiques de cada client. Comptem amb un equip d&#8217;enginyers i t\u00e8cnics altament capacitats que utilitzen les \u00faltimes tecnologies en c\u00e0meres de seguretat, programari de gesti\u00f3 de v\u00eddeo i emmagatzematge de dades segur.<\/p>\n<p>[\/et_pb_blurb][\/et_pb_column][\/et_pb_row][\/et_pb_section][et_pb_section fb_built=&#8221;1&#8243; inner_shadow=&#8221;on&#8221; _builder_version=&#8221;4.16&#8243; background_color=&#8221;#2d5174&#8243; background_image=&#8221;https:\/\/test.videovigilancialegal.com\/wp-content\/uploads\/2019\/05\/home.jpg&#8221; background_blend=&#8221;color-burn&#8221; animation_style=&#8221;fade&#8221; z_index_tablet=&#8221;500&#8243; global_colors_info=&#8221;{}&#8221;][et_pb_row _builder_version=&#8221;4.16&#8243; module_alignment=&#8221;center&#8221; z_index_tablet=&#8221;500&#8243; global_colors_info=&#8221;{}&#8221;][et_pb_column type=&#8221;4_4&#8243; _builder_version=&#8221;4.16&#8243; custom_padding=&#8221;|||&#8221; global_colors_info=&#8221;{}&#8221; custom_padding__hover=&#8221;|||&#8221;][et_pb_text _builder_version=&#8221;4.16&#8243; text_font_size=&#8221;18px&#8221; text_line_height=&#8221;1.8em&#8221; text_orientation=&#8221;center&#8221; background_layout=&#8221;dark&#8221; max_width_last_edited=&#8221;off|desktop&#8221; module_alignment=&#8221;center&#8221; z_index_tablet=&#8221;500&#8243; global_colors_info=&#8221;{}&#8221;]<\/p>\n<p>En 2008, donat el fort increment en la utilitzaci\u00f3 de sistemes de videovigil\u00e0ncia, les seves previsions de creixement i les seves caracter\u00edstiques espec\u00edfiques a l&#8217;hora de complir amb la normativa\u00a0LOPD, decidim oferir un servei altament especialitzat als instal\u00b7ladors de sistemes CCTV mitjan\u00e7ant la plataforma web Videovigilancialegal.com. Aquest servei permet adequar, EN L\u00cdNIA, una instal\u00b7laci\u00f3 CCTV de manera senzilla, r\u00e0pida i efectiva. En nom\u00e9s 3 dies la instal\u00b7laci\u00f3 quedar\u00e0 legalitzada!<\/p>\n<p>[\/et_pb_text][\/et_pb_column][\/et_pb_row][\/et_pb_section][et_pb_section fb_built=&#8221;1&#8243; fullwidth=&#8221;on&#8221; _builder_version=&#8221;3.26&#8243; z_index_tablet=&#8221;500&#8243; box_shadow_horizontal_tablet=&#8221;0px&#8221; box_shadow_vertical_tablet=&#8221;0px&#8221; box_shadow_blur_tablet=&#8221;40px&#8221; box_shadow_spread_tablet=&#8221;0px&#8221; global_module=&#8221;2877&#8243; global_colors_info=&#8221;{}&#8221;][et_pb_fullwidth_code admin_label=&#8221;Links ESP&#8221; _builder_version=&#8221;4.16&#8243; text_orientation=&#8221;center&#8221; z_index_tablet=&#8221;500&#8243; global_colors_info=&#8221;{}&#8221;]<a href=\"\/aviso-legal\" target=\"_blank\" rel=\"noopener noreferrer\">Aviso legal<\/a> \u00b7 <a href=\"\/politica-de-privacidad\" target=\"_blank\" rel=\"noopener noreferrer\">Pol\u00edtica de privacidad<\/a> \u00b7 <a href=\"\/politica-de-cookies\" target=\"_blank\" rel=\"noopener noreferrer\">Pol\u00edtica de cookies<\/a>[\/et_pb_fullwidth_code][\/et_pb_section]<\/p>\n","protected":false},"excerpt":{"rendered":"<p>L&#8217; empresa Som la teva empresa per a aplicar la llei en c\u00e0meres de seguretatComptar amb una empresa especialitzada en l&#8217;aplicaci\u00f3 de la llei per a c\u00e0meres de seguretat \u00e9s fonamental per a assegurar la conformitat amb la normativa vigent i protegir la privacitat de les dades personals.La nostra empresa es destaca pel seu profund [&hellip;]<\/p>\n","protected":false},"author":2,"featured_media":0,"parent":0,"menu_order":0,"comment_status":"closed","ping_status":"closed","template":"","meta":{"_et_pb_use_builder":"on","_et_pb_old_content":"","_et_gb_content_width":"","footnotes":""},"yoast_head":"<!-- This site is optimized with the Yoast SEO plugin v22.9 - https:\/\/yoast.com\/wordpress\/plugins\/seo\/ -->\n<title>Empresa que aplica la llei per a c\u00e0meres de seguretat - VideovigilanciaLegal.com<\/title>\n<meta name=\"description\" content=\"Legalitzem els teus sistemes en nom\u00e9s 3 dies, garantint seguretat, privacitat i conformitat amb la Llei de Protecci\u00f3 de Dades.\" \/>\n<meta name=\"robots\" content=\"index, follow, max-snippet:-1, max-image-preview:large, max-video-preview:-1\" \/>\n<link rel=\"canonical\" href=\"https:\/\/www.videovigilancialegal.com\/ca\/empresa-que-aplica-la-llei-per-a-cameres-de-seguretat\/\" \/>\n<meta property=\"og:locale\" content=\"ca_ES\" \/>\n<meta property=\"og:type\" content=\"article\" \/>\n<meta property=\"og:title\" content=\"Empresa que aplica la llei per a c\u00e0meres de seguretat - VideovigilanciaLegal.com\" \/>\n<meta property=\"og:description\" content=\"Legalitzem els teus sistemes en nom\u00e9s 3 dies, garantint seguretat, privacitat i conformitat amb la Llei de Protecci\u00f3 de Dades.\" \/>\n<meta property=\"og:url\" content=\"https:\/\/www.videovigilancialegal.com\/ca\/empresa-que-aplica-la-llei-per-a-cameres-de-seguretat\/\" \/>\n<meta property=\"og:site_name\" content=\"VideovigilanciaLegal.com\" \/>\n<meta property=\"article:modified_time\" content=\"2024-06-10T10:40:55+00:00\" \/>\n<meta name=\"twitter:card\" content=\"summary_large_image\" \/>\n<meta name=\"twitter:label1\" content=\"Temps estimat de lectura\" \/>\n\t<meta name=\"twitter:data1\" content=\"7 minuts\" \/>\n<script type=\"application\/ld+json\" class=\"yoast-schema-graph\">{\"@context\":\"https:\/\/schema.org\",\"@graph\":[{\"@type\":\"WebPage\",\"@id\":\"https:\/\/www.videovigilancialegal.com\/ca\/empresa-que-aplica-la-llei-per-a-cameres-de-seguretat\/\",\"url\":\"https:\/\/www.videovigilancialegal.com\/ca\/empresa-que-aplica-la-llei-per-a-cameres-de-seguretat\/\",\"name\":\"Empresa que aplica la llei per a c\u00e0meres de seguretat - VideovigilanciaLegal.com\",\"isPartOf\":{\"@id\":\"https:\/\/www.videovigilancialegal.com\/ca\/#website\"},\"datePublished\":\"2024-06-10T10:40:54+00:00\",\"dateModified\":\"2024-06-10T10:40:55+00:00\",\"description\":\"Legalitzem els teus sistemes en nom\u00e9s 3 dies, garantint seguretat, privacitat i conformitat amb la Llei de Protecci\u00f3 de Dades.\",\"breadcrumb\":{\"@id\":\"https:\/\/www.videovigilancialegal.com\/ca\/empresa-que-aplica-la-llei-per-a-cameres-de-seguretat\/#breadcrumb\"},\"inLanguage\":\"ca\",\"potentialAction\":[{\"@type\":\"ReadAction\",\"target\":[\"https:\/\/www.videovigilancialegal.com\/ca\/empresa-que-aplica-la-llei-per-a-cameres-de-seguretat\/\"]}]},{\"@type\":\"BreadcrumbList\",\"@id\":\"https:\/\/www.videovigilancialegal.com\/ca\/empresa-que-aplica-la-llei-per-a-cameres-de-seguretat\/#breadcrumb\",\"itemListElement\":[{\"@type\":\"ListItem\",\"position\":1,\"name\":\"Portada\",\"item\":\"https:\/\/www.videovigilancialegal.com\/ca\/\"},{\"@type\":\"ListItem\",\"position\":2,\"name\":\"Empresa que aplica la llei per a c\u00e0meres de seguretat\"}]},{\"@type\":\"WebSite\",\"@id\":\"https:\/\/www.videovigilancialegal.com\/ca\/#website\",\"url\":\"https:\/\/www.videovigilancialegal.com\/ca\/\",\"name\":\"VideovigilanciaLegal.com\",\"description\":\"\",\"potentialAction\":[{\"@type\":\"SearchAction\",\"target\":{\"@type\":\"EntryPoint\",\"urlTemplate\":\"https:\/\/www.videovigilancialegal.com\/ca\/?s={search_term_string}\"},\"query-input\":\"required name=search_term_string\"}],\"inLanguage\":\"ca\"}]}<\/script>\n<!-- \/ Yoast SEO plugin. -->","yoast_head_json":{"title":"Empresa que aplica la llei per a c\u00e0meres de seguretat - VideovigilanciaLegal.com","description":"Legalitzem els teus sistemes en nom\u00e9s 3 dies, garantint seguretat, privacitat i conformitat amb la Llei de Protecci\u00f3 de Dades.","robots":{"index":"index","follow":"follow","max-snippet":"max-snippet:-1","max-image-preview":"max-image-preview:large","max-video-preview":"max-video-preview:-1"},"canonical":"https:\/\/www.videovigilancialegal.com\/ca\/empresa-que-aplica-la-llei-per-a-cameres-de-seguretat\/","og_locale":"ca_ES","og_type":"article","og_title":"Empresa que aplica la llei per a c\u00e0meres de seguretat - VideovigilanciaLegal.com","og_description":"Legalitzem els teus sistemes en nom\u00e9s 3 dies, garantint seguretat, privacitat i conformitat amb la Llei de Protecci\u00f3 de Dades.","og_url":"https:\/\/www.videovigilancialegal.com\/ca\/empresa-que-aplica-la-llei-per-a-cameres-de-seguretat\/","og_site_name":"VideovigilanciaLegal.com","article_modified_time":"2024-06-10T10:40:55+00:00","twitter_card":"summary_large_image","twitter_misc":{"Temps estimat de lectura":"7 minuts"},"schema":{"@context":"https:\/\/schema.org","@graph":[{"@type":"WebPage","@id":"https:\/\/www.videovigilancialegal.com\/ca\/empresa-que-aplica-la-llei-per-a-cameres-de-seguretat\/","url":"https:\/\/www.videovigilancialegal.com\/ca\/empresa-que-aplica-la-llei-per-a-cameres-de-seguretat\/","name":"Empresa que aplica la llei per a c\u00e0meres de seguretat - VideovigilanciaLegal.com","isPartOf":{"@id":"https:\/\/www.videovigilancialegal.com\/ca\/#website"},"datePublished":"2024-06-10T10:40:54+00:00","dateModified":"2024-06-10T10:40:55+00:00","description":"Legalitzem els teus sistemes en nom\u00e9s 3 dies, garantint seguretat, privacitat i conformitat amb la Llei de Protecci\u00f3 de Dades.","breadcrumb":{"@id":"https:\/\/www.videovigilancialegal.com\/ca\/empresa-que-aplica-la-llei-per-a-cameres-de-seguretat\/#breadcrumb"},"inLanguage":"ca","potentialAction":[{"@type":"ReadAction","target":["https:\/\/www.videovigilancialegal.com\/ca\/empresa-que-aplica-la-llei-per-a-cameres-de-seguretat\/"]}]},{"@type":"BreadcrumbList","@id":"https:\/\/www.videovigilancialegal.com\/ca\/empresa-que-aplica-la-llei-per-a-cameres-de-seguretat\/#breadcrumb","itemListElement":[{"@type":"ListItem","position":1,"name":"Portada","item":"https:\/\/www.videovigilancialegal.com\/ca\/"},{"@type":"ListItem","position":2,"name":"Empresa que aplica la llei per a c\u00e0meres de seguretat"}]},{"@type":"WebSite","@id":"https:\/\/www.videovigilancialegal.com\/ca\/#website","url":"https:\/\/www.videovigilancialegal.com\/ca\/","name":"VideovigilanciaLegal.com","description":"","potentialAction":[{"@type":"SearchAction","target":{"@type":"EntryPoint","urlTemplate":"https:\/\/www.videovigilancialegal.com\/ca\/?s={search_term_string}"},"query-input":"required name=search_term_string"}],"inLanguage":"ca"}]}},"_links":{"self":[{"href":"https:\/\/www.videovigilancialegal.com\/ca\/wp-json\/wp\/v2\/pages\/3321"}],"collection":[{"href":"https:\/\/www.videovigilancialegal.com\/ca\/wp-json\/wp\/v2\/pages"}],"about":[{"href":"https:\/\/www.videovigilancialegal.com\/ca\/wp-json\/wp\/v2\/types\/page"}],"author":[{"embeddable":true,"href":"https:\/\/www.videovigilancialegal.com\/ca\/wp-json\/wp\/v2\/users\/2"}],"replies":[{"embeddable":true,"href":"https:\/\/www.videovigilancialegal.com\/ca\/wp-json\/wp\/v2\/comments?post=3321"}],"version-history":[{"count":2,"href":"https:\/\/www.videovigilancialegal.com\/ca\/wp-json\/wp\/v2\/pages\/3321\/revisions"}],"predecessor-version":[{"id":3323,"href":"https:\/\/www.videovigilancialegal.com\/ca\/wp-json\/wp\/v2\/pages\/3321\/revisions\/3323"}],"wp:attachment":[{"href":"https:\/\/www.videovigilancialegal.com\/ca\/wp-json\/wp\/v2\/media?parent=3321"}],"curies":[{"name":"wp","href":"https:\/\/api.w.org\/{rel}","templated":true}]}}