{"id":3318,"date":"2024-06-10T12:33:38","date_gmt":"2024-06-10T10:33:38","guid":{"rendered":"https:\/\/www.videovigilancialegal.com\/videovigilancia-i-proteccio-de-dades\/"},"modified":"2024-06-10T12:33:40","modified_gmt":"2024-06-10T10:33:40","slug":"videovigilancia-i-proteccio-de-dades","status":"publish","type":"page","link":"https:\/\/www.videovigilancialegal.com\/ca\/videovigilancia-i-proteccio-de-dades\/","title":{"rendered":"Videovigil\u00e0ncia i protecci\u00f3 de dades"},"content":{"rendered":"<p>[et_pb_section fb_built=&#8221;1&#8243; admin_label=&#8221;History&#8221; _builder_version=&#8221;4.16&#8243; inner_width_tablet=&#8221;50px&#8221; inner_max_width_tablet=&#8221;50px&#8221; custom_padding=&#8221;||1%|&#8221; z_index_tablet=&#8221;500&#8243; global_colors_info=&#8221;{}&#8221;][et_pb_row _builder_version=&#8221;4.16&#8243; custom_margin=&#8221;|||&#8221; custom_padding=&#8221;|||&#8221; global_colors_info=&#8221;{}&#8221;][et_pb_column type=&#8221;4_4&#8243; _builder_version=&#8221;4.16&#8243; custom_padding=&#8221;|||&#8221; global_colors_info=&#8221;{}&#8221; custom_padding__hover=&#8221;|||&#8221;][et_pb_text _builder_version=&#8221;4.25.1&#8243; text_text_color=&#8221;rgba(0,0,0,0.05)&#8221; text_font_size=&#8221;100px&#8221; text_line_height=&#8221;0.2em&#8221; header_2_font_size=&#8221;48px&#8221; header_2_line_height=&#8221;1.4em&#8221; text_orientation=&#8221;center&#8221; custom_margin=&#8221;||30px||false&#8221; custom_margin_tablet=&#8221;||0px|&#8221; custom_margin_phone=&#8221;&#8221; custom_margin_last_edited=&#8221;on|tablet&#8221; text_font_size_tablet=&#8221;80px&#8221; text_font_size_phone=&#8221;60px&#8221; text_font_size_last_edited=&#8221;on|desktop&#8221; header_2_font_size_tablet=&#8221;&#8221; header_2_font_size_phone=&#8221;36px&#8221; header_2_font_size_last_edited=&#8221;on|phone&#8221; z_index_tablet=&#8221;500&#8243; global_colors_info=&#8221;{}&#8221;]<\/p>\n<p>L&#8217; empresa<\/p>\n<h2>Videovigil\u00e0ncia i protecci\u00f3 de dades<\/h2>\n<p>[\/et_pb_text][et_pb_text _builder_version=&#8221;4.25.1&#8243; text_font=&#8221;Open Sans||||||||&#8221; text_font_size=&#8221;16px&#8221; text_line_height=&#8221;1.8em&#8221; text_orientation=&#8221;center&#8221; max_width=&#8221;700px&#8221; max_width_tablet=&#8221;&#8221; max_width_phone=&#8221;&#8221; max_width_last_edited=&#8221;on|phone&#8221; module_alignment=&#8221;center&#8221; z_index_tablet=&#8221;500&#8243; locked=&#8221;off&#8221; global_colors_info=&#8221;{}&#8221;]<\/p>\n<p>En\u00a0VIDEOVIGILANCIALEGAL\u00a0entenem la import\u00e0ncia cr\u00edtica de la relaci\u00f3 entre videovigil\u00e0ncia i la protecci\u00f3 de dades personals. La implementaci\u00f3 de sistemes de c\u00e0meres de seguretat ha de complir estrictament amb la Llei org\u00e0nica de Protecci\u00f3 de Dades (LOPD)\u00a0i el Reglament General de Protecci\u00f3 de Dades (RGPD) per a garantir una seguretat total i tamb\u00e9 la privacitat de les persones.<\/p>\n<p>[\/et_pb_text][et_pb_image src=&#8221;https:\/\/www.videovigilancialegal.com\/wp-content\/uploads\/2024\/05\/camaras-seguridad-4.jpg&#8221; alt=&#8221;Llei per a c\u00e0meres de seguretat&#8221; title_text=&#8221;camaras-seguridad-4&#8243; align=&#8221;center&#8221; _builder_version=&#8221;4.25.1&#8243; _module_preset=&#8221;default&#8221; global_colors_info=&#8221;{}&#8221;][\/et_pb_image][\/et_pb_column][\/et_pb_row][\/et_pb_section][et_pb_section fb_built=&#8221;1&#8243; _builder_version=&#8221;4.16&#8243; inner_width_tablet=&#8221;50px&#8221; inner_max_width_tablet=&#8221;50px&#8221; custom_padding=&#8221;1%|||&#8221; z_index_tablet=&#8221;500&#8243; global_colors_info=&#8221;{}&#8221;][et_pb_row column_structure=&#8221;1_3,1_3,1_3&#8243; make_equal=&#8221;on&#8221; _builder_version=&#8221;4.16&#8243; width=&#8221;70%&#8221; custom_margin=&#8221;|||&#8221; custom_padding=&#8221;|||&#8221; z_index_tablet=&#8221;500&#8243; border_radii=&#8221;on|0px|0px|0px|0px&#8221; locked=&#8221;off&#8221; global_colors_info=&#8221;{}&#8221;][et_pb_column type=&#8221;1_3&#8243; _builder_version=&#8221;4.16&#8243; custom_padding=&#8221;|||&#8221; global_colors_info=&#8221;{}&#8221; custom_padding__hover=&#8221;|||&#8221;][et_pb_blurb title=&#8221;El futur&#8221; use_icon=&#8221;on&#8221; font_icon=&#8221;&#xe106;||divi||400&#8243; icon_color=&#8221;#ffffff&#8221; image_icon_background_color=&#8221;rgba(255,255,255,0.2)&#8221; image_icon_width=&#8221;48px&#8221; admin_label=&#8221;Experiencia&#8221; _builder_version=&#8221;4.25.1&#8243; header_text_align=&#8221;center&#8221; header_font_size=&#8221;24px&#8221; header_line_height=&#8221;1.2em&#8221; body_font_size=&#8221;16px&#8221; body_line_height=&#8221;1.8em&#8221; background_color=&#8221;#2d5174&#8243; image_icon_custom_padding=&#8221;25px|25px|25px|25px|false|false&#8221; text_orientation=&#8221;center&#8221; background_layout=&#8221;dark&#8221; custom_padding=&#8221;40px|30px|40px|30px|true|true&#8221; animation_style=&#8221;fold&#8221; animation_delay=&#8221;450ms&#8221; animation=&#8221;off&#8221; z_index_tablet=&#8221;500&#8243; border_color_all=&#8221;rgba(0,0,0,0.83)&#8221; border_radii_image=&#8221;on|100%|100%|100%|100%&#8221; border_width_all_image=&#8221;3px&#8221; border_color_all_image=&#8221;#ffffff&#8221; use_circle=&#8221;on&#8221; use_circle_border=&#8221;on&#8221; circle_border_color=&#8221;#ffffff&#8221; circle_color=&#8221;rgba(255,255,255,0.2)&#8221; global_colors_info=&#8221;{}&#8221; image_icon_background_color__sticky_enabled=&#8221;#7EBEC5&#8243; image_icon_background_color__sticky=&#8221;#7EBEC5&#8243;]<\/p>\n<p>Les futures lleis probablement enfocaran a millorar la transpar\u00e8ncia, la seguretat de les dades i els drets dels ciutadans, assegurant que les empreses de videovigil\u00e0ncia continu\u00efn complint amb alts est\u00e0ndards de protecci\u00f3. \u00c9s essencial per a les empreses estar preparades per a aquests canvis i treballar amb experts que comprenguin tant els aspectes t\u00e8cnics com legals de la videovigil\u00e0ncia.\u00a0VIDEOVIGILANCIALEGAL\u00a0es compromet a mantenir-se a l&#8217;avantguarda d&#8217;aquests desenvolupaments, oferint solucions que no sols compleixen amb la normativa actual, sin\u00f3 que tamb\u00e9 estan preparades per a adaptar-se a futures regulacions.<\/p>\n<p>[\/et_pb_blurb][\/et_pb_column][et_pb_column type=&#8221;1_3&#8243; _builder_version=&#8221;4.16&#8243; custom_padding=&#8221;|||&#8221; global_colors_info=&#8221;{}&#8221; custom_padding__hover=&#8221;|||&#8221;][et_pb_blurb title=&#8221;Compliment i Confian\u00e7a&#8221; use_icon=&#8221;on&#8221; font_icon=&#8221;&#xe031;||divi||400&#8243; icon_color=&#8221;#ffffff&#8221; image_icon_background_color=&#8221;rgba(255,255,255,0.2)&#8221; image_icon_width=&#8221;48px&#8221; admin_label=&#8221;Especializaci\u00f3n&#8221; _builder_version=&#8221;4.25.1&#8243; header_text_align=&#8221;center&#8221; header_font_size=&#8221;24px&#8221; header_line_height=&#8221;1.2em&#8221; body_font_size=&#8221;16px&#8221; body_line_height=&#8221;1.8em&#8221; background_color=&#8221;#62afa8&#8243; image_icon_custom_padding=&#8221;25px|25px|25px|25px|false|false&#8221; text_orientation=&#8221;center&#8221; background_layout=&#8221;dark&#8221; custom_padding=&#8221;40px|30px|40px|30px|true|true&#8221; animation_style=&#8221;fold&#8221; animation_delay=&#8221;450ms&#8221; animation=&#8221;off&#8221; z_index_tablet=&#8221;500&#8243; border_color_all=&#8221;rgba(0,0,0,0.83)&#8221; border_radii_image=&#8221;on|100%|100%|100%|100%&#8221; border_width_all_image=&#8221;3px&#8221; border_color_all_image=&#8221;#ffffff&#8221; use_circle=&#8221;on&#8221; use_circle_border=&#8221;on&#8221; circle_border_color=&#8221;#ffffff&#8221; circle_color=&#8221;rgba(255,255,255,0.2)&#8221; global_colors_info=&#8221;{}&#8221; image_icon_background_color__sticky_enabled=&#8221;#7EBEC5&#8243; image_icon_background_color__sticky=&#8221;#7EBEC5&#8243;]<\/p>\n<p>El compliment amb la llei de protecci\u00f3 de dades no sols protegeix la teva empresa de possibles sancions, sin\u00f3 que tamb\u00e9 enforteix la confian\u00e7a dels teus clients i empleats. Treballar amb una empresa experta en la normativa de videovigil\u00e0ncia i protecci\u00f3 de dades garanteix que tots els aspectes dels teus sistemes de seguretat estiguin optimitzats i conformes a la legislaci\u00f3 vigent. El nostre equip de professionals est\u00e0 cont\u00ednuament actualitzat sobre els canvis legals i tecnol\u00f2gics, proporcionant assessorament i suport continu per a mantenir els teus sistemes en plena conformitat.<\/p>\n<p>[\/et_pb_blurb][\/et_pb_column][et_pb_column type=&#8221;1_3&#8243; _builder_version=&#8221;4.16&#8243; custom_padding=&#8221;|||&#8221; global_colors_info=&#8221;{}&#8221; custom_padding__hover=&#8221;|||&#8221;][et_pb_blurb title=&#8221;Protecci\u00f3 de dades&#8221; use_icon=&#8221;on&#8221; font_icon=&#8221;&#xe108;||divi||400&#8243; icon_color=&#8221;#ffffff&#8221; image_icon_background_color=&#8221;rgba(255,255,255,0.2)&#8221; image_icon_width=&#8221;48px&#8221; admin_label=&#8221;Profesionalidad&#8221; _builder_version=&#8221;4.25.1&#8243; header_text_align=&#8221;center&#8221; header_font_size=&#8221;24px&#8221; header_line_height=&#8221;1.2em&#8221; body_font_size=&#8221;16px&#8221; body_line_height=&#8221;1.8em&#8221; background_color=&#8221;#868686&#8243; image_icon_custom_padding=&#8221;25px|25px|25px|25px|false|false&#8221; text_orientation=&#8221;center&#8221; background_layout=&#8221;dark&#8221; custom_padding=&#8221;40px|30px|40px|30px|true|true&#8221; animation_style=&#8221;fold&#8221; animation_delay=&#8221;450ms&#8221; animation=&#8221;off&#8221; z_index_tablet=&#8221;500&#8243; border_color_all=&#8221;rgba(0,0,0,0.83)&#8221; border_radii_image=&#8221;on|100%|100%|100%|100%&#8221; border_width_all_image=&#8221;3px&#8221; border_color_all_image=&#8221;#ffffff&#8221; use_circle=&#8221;on&#8221; use_circle_border=&#8221;on&#8221; circle_border_color=&#8221;#ffffff&#8221; circle_color=&#8221;rgba(255,255,255,0.2)&#8221; locked=&#8221;off&#8221; global_colors_info=&#8221;{}&#8221; image_icon_background_color__sticky_enabled=&#8221;#7EBEC5&#8243; image_icon_background_color__sticky=&#8221;#7EBEC5&#8243;]<\/p>\n<p>La videovigil\u00e0ncia \u00e9s una eina essencial per a la seguretat, per\u00f2 el seu \u00fas ha d&#8217;estar emmarcat en un estricte compliment legal per a protegir les dades personals capturades. Ens especialitzem a dissenyar, instal\u00b7lar i mantenir sistemes de videovigil\u00e0ncia que compleixen amb totes les normatives legals, assegurant que les dades es gestionin de manera segura i \u00e8tica. Aix\u00f2 inclou la correcta senyalitzaci\u00f3 de les \u00e0rees vigilades, la gesti\u00f3 segura de les gravacions i el respecte als drets de les persones, com l&#8217;acc\u00e9s i la rectificaci\u00f3 de les seves dades.<\/p>\n<p>[\/et_pb_blurb][\/et_pb_column][\/et_pb_row][\/et_pb_section][et_pb_section fb_built=&#8221;1&#8243; inner_shadow=&#8221;on&#8221; _builder_version=&#8221;4.16&#8243; background_color=&#8221;#2d5174&#8243; background_image=&#8221;https:\/\/test.videovigilancialegal.com\/wp-content\/uploads\/2019\/05\/home.jpg&#8221; background_blend=&#8221;color-burn&#8221; animation_style=&#8221;fade&#8221; z_index_tablet=&#8221;500&#8243; global_colors_info=&#8221;{}&#8221;][et_pb_row _builder_version=&#8221;4.16&#8243; module_alignment=&#8221;center&#8221; z_index_tablet=&#8221;500&#8243; global_colors_info=&#8221;{}&#8221;][et_pb_column type=&#8221;4_4&#8243; _builder_version=&#8221;4.16&#8243; custom_padding=&#8221;|||&#8221; global_colors_info=&#8221;{}&#8221; custom_padding__hover=&#8221;|||&#8221;][et_pb_text _builder_version=&#8221;4.16&#8243; text_font_size=&#8221;18px&#8221; text_line_height=&#8221;1.8em&#8221; text_orientation=&#8221;center&#8221; background_layout=&#8221;dark&#8221; max_width_last_edited=&#8221;off|desktop&#8221; module_alignment=&#8221;center&#8221; z_index_tablet=&#8221;500&#8243; global_colors_info=&#8221;{}&#8221;]<\/p>\n<p>En 2008, donat el fort increment en la utilitzaci\u00f3 de sistemes de videovigil\u00e0ncia, les seves previsions de creixement i les seves caracter\u00edstiques espec\u00edfiques a l&#8217;hora de complir amb la normativa\u00a0LOPD, decidim oferir un servei altament especialitzat als instal\u00b7ladors de sistemes CCTV mitjan\u00e7ant la plataforma web Videovigilancialegal.com. Aquest servei permet adequar, EN L\u00cdNIA, una instal\u00b7laci\u00f3 CCTV de manera senzilla, r\u00e0pida i efectiva. En nom\u00e9s 3 dies la instal\u00b7laci\u00f3 quedar\u00e0 legalitzada!<\/p>\n<p>[\/et_pb_text][\/et_pb_column][\/et_pb_row][\/et_pb_section][et_pb_section fb_built=&#8221;1&#8243; fullwidth=&#8221;on&#8221; _builder_version=&#8221;3.26&#8243; z_index_tablet=&#8221;500&#8243; box_shadow_horizontal_tablet=&#8221;0px&#8221; box_shadow_vertical_tablet=&#8221;0px&#8221; box_shadow_blur_tablet=&#8221;40px&#8221; box_shadow_spread_tablet=&#8221;0px&#8221; global_module=&#8221;2877&#8243; global_colors_info=&#8221;{}&#8221;][et_pb_fullwidth_code admin_label=&#8221;Links ESP&#8221; _builder_version=&#8221;4.16&#8243; text_orientation=&#8221;center&#8221; z_index_tablet=&#8221;500&#8243; global_colors_info=&#8221;{}&#8221;]<a href=\"\/aviso-legal\" target=\"_blank\" rel=\"noopener noreferrer\">Aviso legal<\/a> \u00b7 <a href=\"\/politica-de-privacidad\" target=\"_blank\" rel=\"noopener noreferrer\">Pol\u00edtica de privacidad<\/a> \u00b7 <a href=\"\/politica-de-cookies\" target=\"_blank\" rel=\"noopener noreferrer\">Pol\u00edtica de cookies<\/a>[\/et_pb_fullwidth_code][\/et_pb_section]<\/p>\n","protected":false},"excerpt":{"rendered":"<p>L&#8217; empresa Videovigil\u00e0ncia i protecci\u00f3 de dadesEn\u00a0VIDEOVIGILANCIALEGAL\u00a0entenem la import\u00e0ncia cr\u00edtica de la relaci\u00f3 entre videovigil\u00e0ncia i la protecci\u00f3 de dades personals. La implementaci\u00f3 de sistemes de c\u00e0meres de seguretat ha de complir estrictament amb la Llei org\u00e0nica de Protecci\u00f3 de Dades (LOPD)\u00a0i el Reglament General de Protecci\u00f3 de Dades (RGPD) per a garantir una seguretat [&hellip;]<\/p>\n","protected":false},"author":2,"featured_media":0,"parent":0,"menu_order":0,"comment_status":"closed","ping_status":"closed","template":"","meta":{"_et_pb_use_builder":"on","_et_pb_old_content":"","_et_gb_content_width":"","footnotes":""},"yoast_head":"<!-- This site is optimized with the Yoast SEO plugin v22.9 - https:\/\/yoast.com\/wordpress\/plugins\/seo\/ -->\n<title>Videovigil\u00e0ncia i protecci\u00f3 de dades - VideovigilanciaLegal.com<\/title>\n<meta name=\"description\" content=\"Especialistes en videovigil\u00e0ncia i protecci\u00f3 de dades, oferim solucions que asseguren el compliment de la LOPD i el RGPD. Protegeix la privacitat i garanteix la seguretat de les teves instal\u00b7lacions amb els nostres serveis personalitzats.\" \/>\n<meta name=\"robots\" content=\"index, follow, max-snippet:-1, max-image-preview:large, max-video-preview:-1\" \/>\n<link rel=\"canonical\" href=\"https:\/\/www.videovigilancialegal.com\/ca\/videovigilancia-i-proteccio-de-dades\/\" \/>\n<meta property=\"og:locale\" content=\"ca_ES\" \/>\n<meta property=\"og:type\" content=\"article\" \/>\n<meta property=\"og:title\" content=\"Videovigil\u00e0ncia i protecci\u00f3 de dades - VideovigilanciaLegal.com\" \/>\n<meta property=\"og:description\" content=\"Especialistes en videovigil\u00e0ncia i protecci\u00f3 de dades, oferim solucions que asseguren el compliment de la LOPD i el RGPD. Protegeix la privacitat i garanteix la seguretat de les teves instal\u00b7lacions amb els nostres serveis personalitzats.\" \/>\n<meta property=\"og:url\" content=\"https:\/\/www.videovigilancialegal.com\/ca\/videovigilancia-i-proteccio-de-dades\/\" \/>\n<meta property=\"og:site_name\" content=\"VideovigilanciaLegal.com\" \/>\n<meta property=\"article:modified_time\" content=\"2024-06-10T10:33:40+00:00\" \/>\n<meta name=\"twitter:card\" content=\"summary_large_image\" \/>\n<meta name=\"twitter:label1\" content=\"Temps estimat de lectura\" \/>\n\t<meta name=\"twitter:data1\" content=\"7 minuts\" \/>\n<script type=\"application\/ld+json\" class=\"yoast-schema-graph\">{\"@context\":\"https:\/\/schema.org\",\"@graph\":[{\"@type\":\"WebPage\",\"@id\":\"https:\/\/www.videovigilancialegal.com\/ca\/videovigilancia-i-proteccio-de-dades\/\",\"url\":\"https:\/\/www.videovigilancialegal.com\/ca\/videovigilancia-i-proteccio-de-dades\/\",\"name\":\"Videovigil\u00e0ncia i protecci\u00f3 de dades - VideovigilanciaLegal.com\",\"isPartOf\":{\"@id\":\"https:\/\/www.videovigilancialegal.com\/ca\/#website\"},\"datePublished\":\"2024-06-10T10:33:38+00:00\",\"dateModified\":\"2024-06-10T10:33:40+00:00\",\"description\":\"Especialistes en videovigil\u00e0ncia i protecci\u00f3 de dades, oferim solucions que asseguren el compliment de la LOPD i el RGPD. Protegeix la privacitat i garanteix la seguretat de les teves instal\u00b7lacions amb els nostres serveis personalitzats.\",\"breadcrumb\":{\"@id\":\"https:\/\/www.videovigilancialegal.com\/ca\/videovigilancia-i-proteccio-de-dades\/#breadcrumb\"},\"inLanguage\":\"ca\",\"potentialAction\":[{\"@type\":\"ReadAction\",\"target\":[\"https:\/\/www.videovigilancialegal.com\/ca\/videovigilancia-i-proteccio-de-dades\/\"]}]},{\"@type\":\"BreadcrumbList\",\"@id\":\"https:\/\/www.videovigilancialegal.com\/ca\/videovigilancia-i-proteccio-de-dades\/#breadcrumb\",\"itemListElement\":[{\"@type\":\"ListItem\",\"position\":1,\"name\":\"Portada\",\"item\":\"https:\/\/www.videovigilancialegal.com\/ca\/\"},{\"@type\":\"ListItem\",\"position\":2,\"name\":\"Videovigil\u00e0ncia i protecci\u00f3 de dades\"}]},{\"@type\":\"WebSite\",\"@id\":\"https:\/\/www.videovigilancialegal.com\/ca\/#website\",\"url\":\"https:\/\/www.videovigilancialegal.com\/ca\/\",\"name\":\"VideovigilanciaLegal.com\",\"description\":\"\",\"potentialAction\":[{\"@type\":\"SearchAction\",\"target\":{\"@type\":\"EntryPoint\",\"urlTemplate\":\"https:\/\/www.videovigilancialegal.com\/ca\/?s={search_term_string}\"},\"query-input\":\"required name=search_term_string\"}],\"inLanguage\":\"ca\"}]}<\/script>\n<!-- \/ Yoast SEO plugin. -->","yoast_head_json":{"title":"Videovigil\u00e0ncia i protecci\u00f3 de dades - VideovigilanciaLegal.com","description":"Especialistes en videovigil\u00e0ncia i protecci\u00f3 de dades, oferim solucions que asseguren el compliment de la LOPD i el RGPD. Protegeix la privacitat i garanteix la seguretat de les teves instal\u00b7lacions amb els nostres serveis personalitzats.","robots":{"index":"index","follow":"follow","max-snippet":"max-snippet:-1","max-image-preview":"max-image-preview:large","max-video-preview":"max-video-preview:-1"},"canonical":"https:\/\/www.videovigilancialegal.com\/ca\/videovigilancia-i-proteccio-de-dades\/","og_locale":"ca_ES","og_type":"article","og_title":"Videovigil\u00e0ncia i protecci\u00f3 de dades - VideovigilanciaLegal.com","og_description":"Especialistes en videovigil\u00e0ncia i protecci\u00f3 de dades, oferim solucions que asseguren el compliment de la LOPD i el RGPD. Protegeix la privacitat i garanteix la seguretat de les teves instal\u00b7lacions amb els nostres serveis personalitzats.","og_url":"https:\/\/www.videovigilancialegal.com\/ca\/videovigilancia-i-proteccio-de-dades\/","og_site_name":"VideovigilanciaLegal.com","article_modified_time":"2024-06-10T10:33:40+00:00","twitter_card":"summary_large_image","twitter_misc":{"Temps estimat de lectura":"7 minuts"},"schema":{"@context":"https:\/\/schema.org","@graph":[{"@type":"WebPage","@id":"https:\/\/www.videovigilancialegal.com\/ca\/videovigilancia-i-proteccio-de-dades\/","url":"https:\/\/www.videovigilancialegal.com\/ca\/videovigilancia-i-proteccio-de-dades\/","name":"Videovigil\u00e0ncia i protecci\u00f3 de dades - VideovigilanciaLegal.com","isPartOf":{"@id":"https:\/\/www.videovigilancialegal.com\/ca\/#website"},"datePublished":"2024-06-10T10:33:38+00:00","dateModified":"2024-06-10T10:33:40+00:00","description":"Especialistes en videovigil\u00e0ncia i protecci\u00f3 de dades, oferim solucions que asseguren el compliment de la LOPD i el RGPD. Protegeix la privacitat i garanteix la seguretat de les teves instal\u00b7lacions amb els nostres serveis personalitzats.","breadcrumb":{"@id":"https:\/\/www.videovigilancialegal.com\/ca\/videovigilancia-i-proteccio-de-dades\/#breadcrumb"},"inLanguage":"ca","potentialAction":[{"@type":"ReadAction","target":["https:\/\/www.videovigilancialegal.com\/ca\/videovigilancia-i-proteccio-de-dades\/"]}]},{"@type":"BreadcrumbList","@id":"https:\/\/www.videovigilancialegal.com\/ca\/videovigilancia-i-proteccio-de-dades\/#breadcrumb","itemListElement":[{"@type":"ListItem","position":1,"name":"Portada","item":"https:\/\/www.videovigilancialegal.com\/ca\/"},{"@type":"ListItem","position":2,"name":"Videovigil\u00e0ncia i protecci\u00f3 de dades"}]},{"@type":"WebSite","@id":"https:\/\/www.videovigilancialegal.com\/ca\/#website","url":"https:\/\/www.videovigilancialegal.com\/ca\/","name":"VideovigilanciaLegal.com","description":"","potentialAction":[{"@type":"SearchAction","target":{"@type":"EntryPoint","urlTemplate":"https:\/\/www.videovigilancialegal.com\/ca\/?s={search_term_string}"},"query-input":"required name=search_term_string"}],"inLanguage":"ca"}]}},"_links":{"self":[{"href":"https:\/\/www.videovigilancialegal.com\/ca\/wp-json\/wp\/v2\/pages\/3318"}],"collection":[{"href":"https:\/\/www.videovigilancialegal.com\/ca\/wp-json\/wp\/v2\/pages"}],"about":[{"href":"https:\/\/www.videovigilancialegal.com\/ca\/wp-json\/wp\/v2\/types\/page"}],"author":[{"embeddable":true,"href":"https:\/\/www.videovigilancialegal.com\/ca\/wp-json\/wp\/v2\/users\/2"}],"replies":[{"embeddable":true,"href":"https:\/\/www.videovigilancialegal.com\/ca\/wp-json\/wp\/v2\/comments?post=3318"}],"version-history":[{"count":2,"href":"https:\/\/www.videovigilancialegal.com\/ca\/wp-json\/wp\/v2\/pages\/3318\/revisions"}],"predecessor-version":[{"id":3320,"href":"https:\/\/www.videovigilancialegal.com\/ca\/wp-json\/wp\/v2\/pages\/3318\/revisions\/3320"}],"wp:attachment":[{"href":"https:\/\/www.videovigilancialegal.com\/ca\/wp-json\/wp\/v2\/media?parent=3318"}],"curies":[{"name":"wp","href":"https:\/\/api.w.org\/{rel}","templated":true}]}}