{"id":2756,"date":"2019-07-04T12:40:32","date_gmt":"2019-07-04T10:40:32","guid":{"rendered":"https:\/\/test.videovigilancialegal.com\/avis-legal\/"},"modified":"2025-10-08T12:18:59","modified_gmt":"2025-10-08T10:18:59","slug":"avis-legal","status":"publish","type":"page","link":"https:\/\/www.videovigilancialegal.com\/ca\/avis-legal\/","title":{"rendered":"Av\u00eds legal"},"content":{"rendered":"","protected":false},"excerpt":{"rendered":"","protected":false},"author":2,"featured_media":0,"parent":0,"menu_order":0,"comment_status":"closed","ping_status":"closed","template":"","meta":{"_et_pb_use_builder":"on","_et_pb_old_content":"","_et_gb_content_width":"","footnotes":""},"yoast_head":"<!-- This site is optimized with the Yoast SEO plugin v22.9 - https:\/\/yoast.com\/wordpress\/plugins\/seo\/ -->\n<title>Av\u00eds legal - VideovigilanciaLegal.com<\/title>\n<meta name=\"description\" content=\"Consulta l&#039;av\u00eds legal del nostre lloc web. Aqu\u00ed trobar\u00e0s les condicions d&#039;\u00fas i la nostra pol\u00edtica de privacitat per garantir la protecci\u00f3 de les teves dades.\" \/>\n<meta name=\"robots\" content=\"index, follow, max-snippet:-1, max-image-preview:large, max-video-preview:-1\" \/>\n<link rel=\"canonical\" href=\"https:\/\/www.videovigilancialegal.com\/ca\/avis-legal\/\" \/>\n<meta property=\"og:locale\" content=\"ca_ES\" \/>\n<meta property=\"og:type\" content=\"article\" \/>\n<meta property=\"og:title\" content=\"Av\u00eds legal - VideovigilanciaLegal.com\" \/>\n<meta property=\"og:description\" content=\"Consulta l&#039;av\u00eds legal del nostre lloc web. Aqu\u00ed trobar\u00e0s les condicions d&#039;\u00fas i la nostra pol\u00edtica de privacitat per garantir la protecci\u00f3 de les teves dades.\" \/>\n<meta property=\"og:url\" content=\"https:\/\/www.videovigilancialegal.com\/ca\/avis-legal\/\" \/>\n<meta property=\"og:site_name\" content=\"VideovigilanciaLegal.com\" \/>\n<meta property=\"article:modified_time\" content=\"2025-10-08T10:18:59+00:00\" \/>\n<meta name=\"twitter:card\" content=\"summary_large_image\" \/>\n<meta name=\"twitter:label1\" content=\"Temps estimat de lectura\" \/>\n\t<meta name=\"twitter:data1\" content=\"2 minuts\" \/>\n<script type=\"application\/ld+json\" class=\"yoast-schema-graph\">{\"@context\":\"https:\/\/schema.org\",\"@graph\":[{\"@type\":\"WebPage\",\"@id\":\"https:\/\/www.videovigilancialegal.com\/ca\/avis-legal\/\",\"url\":\"https:\/\/www.videovigilancialegal.com\/ca\/avis-legal\/\",\"name\":\"Av\u00eds legal - VideovigilanciaLegal.com\",\"isPartOf\":{\"@id\":\"https:\/\/www.videovigilancialegal.com\/ca\/#website\"},\"datePublished\":\"2019-07-04T10:40:32+00:00\",\"dateModified\":\"2025-10-08T10:18:59+00:00\",\"description\":\"Consulta l'av\u00eds legal del nostre lloc web. Aqu\u00ed trobar\u00e0s les condicions d'\u00fas i la nostra pol\u00edtica de privacitat per garantir la protecci\u00f3 de les teves dades.\",\"breadcrumb\":{\"@id\":\"https:\/\/www.videovigilancialegal.com\/ca\/avis-legal\/#breadcrumb\"},\"inLanguage\":\"ca\",\"potentialAction\":[{\"@type\":\"ReadAction\",\"target\":[\"https:\/\/www.videovigilancialegal.com\/ca\/avis-legal\/\"]}]},{\"@type\":\"BreadcrumbList\",\"@id\":\"https:\/\/www.videovigilancialegal.com\/ca\/avis-legal\/#breadcrumb\",\"itemListElement\":[{\"@type\":\"ListItem\",\"position\":1,\"name\":\"Portada\",\"item\":\"https:\/\/www.videovigilancialegal.com\/ca\/\"},{\"@type\":\"ListItem\",\"position\":2,\"name\":\"Av\u00eds legal\"}]},{\"@type\":\"WebSite\",\"@id\":\"https:\/\/www.videovigilancialegal.com\/ca\/#website\",\"url\":\"https:\/\/www.videovigilancialegal.com\/ca\/\",\"name\":\"VideovigilanciaLegal.com\",\"description\":\"\",\"potentialAction\":[{\"@type\":\"SearchAction\",\"target\":{\"@type\":\"EntryPoint\",\"urlTemplate\":\"https:\/\/www.videovigilancialegal.com\/ca\/?s={search_term_string}\"},\"query-input\":\"required name=search_term_string\"}],\"inLanguage\":\"ca\"}]}<\/script>\n<!-- \/ Yoast SEO plugin. -->","yoast_head_json":{"title":"Av\u00eds legal - VideovigilanciaLegal.com","description":"Consulta l'av\u00eds legal del nostre lloc web. Aqu\u00ed trobar\u00e0s les condicions d'\u00fas i la nostra pol\u00edtica de privacitat per garantir la protecci\u00f3 de les teves dades.","robots":{"index":"index","follow":"follow","max-snippet":"max-snippet:-1","max-image-preview":"max-image-preview:large","max-video-preview":"max-video-preview:-1"},"canonical":"https:\/\/www.videovigilancialegal.com\/ca\/avis-legal\/","og_locale":"ca_ES","og_type":"article","og_title":"Av\u00eds legal - VideovigilanciaLegal.com","og_description":"Consulta l'av\u00eds legal del nostre lloc web. Aqu\u00ed trobar\u00e0s les condicions d'\u00fas i la nostra pol\u00edtica de privacitat per garantir la protecci\u00f3 de les teves dades.","og_url":"https:\/\/www.videovigilancialegal.com\/ca\/avis-legal\/","og_site_name":"VideovigilanciaLegal.com","article_modified_time":"2025-10-08T10:18:59+00:00","twitter_card":"summary_large_image","twitter_misc":{"Temps estimat de lectura":"2 minuts"},"schema":{"@context":"https:\/\/schema.org","@graph":[{"@type":"WebPage","@id":"https:\/\/www.videovigilancialegal.com\/ca\/avis-legal\/","url":"https:\/\/www.videovigilancialegal.com\/ca\/avis-legal\/","name":"Av\u00eds legal - VideovigilanciaLegal.com","isPartOf":{"@id":"https:\/\/www.videovigilancialegal.com\/ca\/#website"},"datePublished":"2019-07-04T10:40:32+00:00","dateModified":"2025-10-08T10:18:59+00:00","description":"Consulta l'av\u00eds legal del nostre lloc web. Aqu\u00ed trobar\u00e0s les condicions d'\u00fas i la nostra pol\u00edtica de privacitat per garantir la protecci\u00f3 de les teves dades.","breadcrumb":{"@id":"https:\/\/www.videovigilancialegal.com\/ca\/avis-legal\/#breadcrumb"},"inLanguage":"ca","potentialAction":[{"@type":"ReadAction","target":["https:\/\/www.videovigilancialegal.com\/ca\/avis-legal\/"]}]},{"@type":"BreadcrumbList","@id":"https:\/\/www.videovigilancialegal.com\/ca\/avis-legal\/#breadcrumb","itemListElement":[{"@type":"ListItem","position":1,"name":"Portada","item":"https:\/\/www.videovigilancialegal.com\/ca\/"},{"@type":"ListItem","position":2,"name":"Av\u00eds legal"}]},{"@type":"WebSite","@id":"https:\/\/www.videovigilancialegal.com\/ca\/#website","url":"https:\/\/www.videovigilancialegal.com\/ca\/","name":"VideovigilanciaLegal.com","description":"","potentialAction":[{"@type":"SearchAction","target":{"@type":"EntryPoint","urlTemplate":"https:\/\/www.videovigilancialegal.com\/ca\/?s={search_term_string}"},"query-input":"required name=search_term_string"}],"inLanguage":"ca"}]}},"_links":{"self":[{"href":"https:\/\/www.videovigilancialegal.com\/ca\/wp-json\/wp\/v2\/pages\/2756"}],"collection":[{"href":"https:\/\/www.videovigilancialegal.com\/ca\/wp-json\/wp\/v2\/pages"}],"about":[{"href":"https:\/\/www.videovigilancialegal.com\/ca\/wp-json\/wp\/v2\/types\/page"}],"author":[{"embeddable":true,"href":"https:\/\/www.videovigilancialegal.com\/ca\/wp-json\/wp\/v2\/users\/2"}],"replies":[{"embeddable":true,"href":"https:\/\/www.videovigilancialegal.com\/ca\/wp-json\/wp\/v2\/comments?post=2756"}],"version-history":[{"count":3,"href":"https:\/\/www.videovigilancialegal.com\/ca\/wp-json\/wp\/v2\/pages\/2756\/revisions"}],"predecessor-version":[{"id":3375,"href":"https:\/\/www.videovigilancialegal.com\/ca\/wp-json\/wp\/v2\/pages\/2756\/revisions\/3375"}],"wp:attachment":[{"href":"https:\/\/www.videovigilancialegal.com\/ca\/wp-json\/wp\/v2\/media?parent=2756"}],"curies":[{"name":"wp","href":"https:\/\/api.w.org\/{rel}","templated":true}]}}